{"id":10,"date":"2021-07-01T16:12:17","date_gmt":"2021-07-01T16:12:17","guid":{"rendered":"https:\/\/kaukazwypozyczalnia.pl\/?page_id=10"},"modified":"2023-04-07T17:07:04","modified_gmt":"2023-04-07T15:07:04","slug":"regulamin","status":"publish","type":"page","link":"https:\/\/kaukazwypozyczalnia.pl\/en\/regulamin\/","title":{"rendered":"Terms &amp; Conditions"},"content":{"rendered":"<div class=\"wp-block-cover alignfull\" style=\"min-height:320px;aspect-ratio:unset;\"><span aria-hidden=\"true\" class=\"wp-block-cover__background has-nv-site-bg-background-color has-background-dim-100 has-background-dim\"><\/span><div class=\"wp-block-cover__inner-container is-layout-flow wp-block-cover-is-layout-flow\">\n<div class=\"wp-block-group\"><div class=\"wp-block-group__inner-container is-layout-flow wp-block-group-is-layout-flow\">\n<div class=\"wp-block-columns are-vertically-aligned-center is-layout-flex wp-container-core-columns-is-layout-9d6595d7 wp-block-columns-is-layout-flex\">\n<div class=\"wp-block-column is-vertically-aligned-center is-layout-flow wp-block-column-is-layout-flow\" style=\"flex-basis:70%\">\n<div style=\"height:66px\" aria-hidden=\"true\" class=\"wp-block-spacer\"><\/div>\n\n\n\n<h1 class=\"wp-block-heading has-text-align-center has-neve-link-color-color has-text-color\" id=\"regulamin-wypozyczalni\">Rental Terms &amp; Conditions<\/h1>\n\n\n\n<div style=\"height:60px\" aria-hidden=\"true\" class=\"wp-block-spacer\"><\/div>\n\n\n\n<div style=\"height:1px\" aria-hidden=\"true\" class=\"wp-block-spacer\"><\/div>\n\n\n\n<ol class=\"has-neve-link-color-color has-nv-site-bg-background-color has-text-color has-background wp-block-list\">\n<li>Equipment rental is possible subject to the acceptance of the regulations and the provisions of the rental agreement concluded on the day of equipment collection.<\/li>\n\n\n\n<li>The customer is obliged to sign a rental agreement containing also a statement on the correct use of the equipment and consent to the processing of personal data.<\/li>\n\n\n\n<li>In the event of a refusal to provide personal data (PESEL number or ID card number), or the lack of a document confirming them for the rental agreement, the Customer may rent the equipment provided that a deposit of 100% of the value of the equipment is deposited.<\/li>\n\n\n\n<li>Equipment rental is possible after prior confirmation of the availability of equipment by e-mail or telephone.<\/li>\n\n\n\n<li>The equipment is reserved by making a non-returnable advance payment of 50% of the total price (not less than PLN 15) by bank transfer, where account number is defined here. Advance payment can be made by cash.<\/li>\n\n\n\n<li>The transfer should be made to the account number 59 1160 2202 0000 0004 5328 4525 (Bank Millennium)<\/li>\n\n\n\n<li>The reservation is valid from the moment the transfer is credited to the account or the cash is received.<\/li>\n\n\n\n<li>The remaining part of the fee is paid by the Customer at the time of signing the rental agreement and collection of the equipment.<\/li>\n\n\n\n<li>Sprz\u0119t mo\u017cna odebra\u0107 oraz zwr\u00f3ci\u0107 od poniedzia\u0142ku do pi\u0105tku w godzinach 8:00 &#8211; 18:00 na w uzgodnionym przy wypo\u017cyczeniu miejscu po wcze\u015bniejszym um\u00f3wieniu mailem lub telefonicznie. <\/li>\n\n\n\n<li>Pickup and return of the equipment outside the previously indicated hours is possible subject to an additional fee indicated in <a href=\"https:\/\/kaukazwypozyczalnia.pl\/en\/cennik\/\" target=\"_blank\" rel=\"noreferrer noopener\">the Price List<\/a> and prior arrangement of time and place.<\/li>\n\n\n\n<li>The rental shop offers delivery and collection of equipment in Krakow. The availability of the place and date must be confirmed during the booking. The price is determined depending on the time and place.<\/li>\n\n\n\n<li>Hours of operation of the rental shop are subject to change. Finally, the time and place of collection should be confirmed by e-mail or by phone. The date of return is each time agreed and recorded in the rental agreement.<\/li>\n\n\n\n<li>The rental offers equipment of various manufacturers and sizes. The photos on the website are only examples - the available equipment may look different.<\/li>\n\n\n\n<li>In case of avalanche detector, the price does not include batteries. There can be batteries in detector, but we do not guarantee the level of power in the,. One should have own batteries. It is required to use only the batteries (usually AA alkaline, not re-chargeable) <strong>recommended by the manufacturer!<\/strong> .<\/li>\n\n\n\n<li>The advance payment mean accepting the regulations.<\/li>\n\n\n\n<li>The administrator of personal data is the company GRZEGORZ PAW\u0141OWSKI SOFTWARE ENGINEERING, NIP 6762572850, REGON 384680767. <\/li>\n\n\n\n<li>The administrator can be contacted by phone on +48 513 744 434.<\/li>\n\n\n\n<li>Personal data will be processed in order to perform the rental agreement. The data will not be used for marketing purposes. The data may be transferred to the Fakturownia.pl website providing accounting services for the rental company in order to issue a sales document.<\/li>\n<\/ol>\n\n\n\n<div style=\"height:1px\" aria-hidden=\"true\" class=\"wp-block-spacer\"><\/div>\n\n\n\n<p class=\"has-neve-link-color-color has-text-color has-medium-font-size\"><strong>We kindly ask you to clean the equipment before returning it. We do not charge an additional cleaning fee, counting on the culture and courtesy of the client \ud83d\ude42<\/strong><\/p>\n<\/div>\n\n\n\n<div class=\"wp-block-column is-vertically-aligned-center is-layout-flow wp-block-column-is-layout-flow\" style=\"flex-basis:30%\"><\/div>\n<\/div>\n<\/div><\/div>\n<\/div><\/div>\n\n\n\n<p><\/p>","protected":false},"excerpt":{"rendered":"","protected":false},"author":1,"featured_media":159,"parent":0,"menu_order":0,"comment_status":"closed","ping_status":"closed","template":"","meta":{"neve_meta_sidebar":"","neve_meta_container":"","neve_meta_enable_content_width":"on","neve_meta_content_width":100,"neve_meta_title_alignment":"","neve_meta_author_avatar":"","neve_post_elements_order":"","neve_meta_disable_header":"","neve_meta_disable_footer":"","neve_meta_disable_title":"on","footnotes":""},"class_list":["post-10","page","type-page","status-publish","has-post-thumbnail","hentry"],"yoast_head":"<!-- This site is optimized with the Yoast SEO plugin v27.4 - https:\/\/yoast.com\/product\/yoast-seo-wordpress\/ -->\n<title>Regulamin - Kaukaz Wypo\u017cyczalnia Sprz\u0119tu G\u00f3rskiego i Turystycznego<\/title>\n<meta name=\"description\" content=\"Regulamin Wypo\u017cyczalni Sprz\u0119tu G\u00f3rskiego i Turystycznego Kaukaz\" \/>\n<meta name=\"robots\" content=\"index, follow, max-snippet:-1, max-image-preview:large, max-video-preview:-1\" \/>\n<link rel=\"canonical\" href=\"https:\/\/kaukazwypozyczalnia.pl\/en\/regulamin\/\" \/>\n<meta property=\"og:locale\" content=\"en_GB\" \/>\n<meta property=\"og:type\" content=\"article\" \/>\n<meta property=\"og:title\" content=\"Regulamin - Kaukaz Wypo\u017cyczalnia Sprz\u0119tu G\u00f3rskiego i Turystycznego\" \/>\n<meta property=\"og:description\" content=\"Regulamin Wypo\u017cyczalni Sprz\u0119tu G\u00f3rskiego i Turystycznego Kaukaz\" \/>\n<meta property=\"og:url\" content=\"https:\/\/kaukazwypozyczalnia.pl\/en\/regulamin\/\" \/>\n<meta property=\"og:site_name\" content=\"Kaukaz Wypo\u017cyczalnia Sprz\u0119tu G\u00f3rskiego i Turystycznego\" \/>\n<meta property=\"article:modified_time\" content=\"2023-04-07T15:07:04+00:00\" \/>\n<meta property=\"og:image\" content=\"https:\/\/kaukazwypozyczalnia.pl\/wp-content\/uploads\/2021\/07\/logo_przezroczyste.png\" \/>\n\t<meta property=\"og:image:width\" content=\"100\" \/>\n\t<meta property=\"og:image:height\" content=\"104\" \/>\n\t<meta property=\"og:image:type\" content=\"image\/png\" \/>\n<meta name=\"twitter:card\" content=\"summary_large_image\" \/>\n<meta name=\"twitter:label1\" content=\"Estimated reading time\" \/>\n\t<meta name=\"twitter:data1\" content=\"2 minutes\" \/>\n<script type=\"application\/ld+json\" class=\"yoast-schema-graph\">{\"@context\":\"https:\\\/\\\/schema.org\",\"@graph\":[{\"@type\":\"WebPage\",\"@id\":\"https:\\\/\\\/kaukazwypozyczalnia.pl\\\/regulamin\\\/\",\"url\":\"https:\\\/\\\/kaukazwypozyczalnia.pl\\\/regulamin\\\/\",\"name\":\"Regulamin - Kaukaz Wypo\u017cyczalnia Sprz\u0119tu G\u00f3rskiego i Turystycznego\",\"isPartOf\":{\"@id\":\"https:\\\/\\\/kaukazwypozyczalnia.pl\\\/#website\"},\"primaryImageOfPage\":{\"@id\":\"https:\\\/\\\/kaukazwypozyczalnia.pl\\\/regulamin\\\/#primaryimage\"},\"image\":{\"@id\":\"https:\\\/\\\/kaukazwypozyczalnia.pl\\\/regulamin\\\/#primaryimage\"},\"thumbnailUrl\":\"https:\\\/\\\/kaukazwypozyczalnia.pl\\\/wp-content\\\/uploads\\\/2021\\\/07\\\/logo_przezroczyste.png\",\"datePublished\":\"2021-07-01T16:12:17+00:00\",\"dateModified\":\"2023-04-07T15:07:04+00:00\",\"description\":\"Regulamin Wypo\u017cyczalni Sprz\u0119tu G\u00f3rskiego i Turystycznego Kaukaz\",\"breadcrumb\":{\"@id\":\"https:\\\/\\\/kaukazwypozyczalnia.pl\\\/regulamin\\\/#breadcrumb\"},\"inLanguage\":\"en-GB\",\"potentialAction\":[{\"@type\":\"ReadAction\",\"target\":[\"https:\\\/\\\/kaukazwypozyczalnia.pl\\\/regulamin\\\/\"]}]},{\"@type\":\"ImageObject\",\"inLanguage\":\"en-GB\",\"@id\":\"https:\\\/\\\/kaukazwypozyczalnia.pl\\\/regulamin\\\/#primaryimage\",\"url\":\"https:\\\/\\\/kaukazwypozyczalnia.pl\\\/wp-content\\\/uploads\\\/2021\\\/07\\\/logo_przezroczyste.png\",\"contentUrl\":\"https:\\\/\\\/kaukazwypozyczalnia.pl\\\/wp-content\\\/uploads\\\/2021\\\/07\\\/logo_przezroczyste.png\",\"width\":100,\"height\":104,\"caption\":\"kaukaz-logo-transparent\"},{\"@type\":\"BreadcrumbList\",\"@id\":\"https:\\\/\\\/kaukazwypozyczalnia.pl\\\/regulamin\\\/#breadcrumb\",\"itemListElement\":[{\"@type\":\"ListItem\",\"position\":1,\"name\":\"Strona g\u0142\u00f3wna\",\"item\":\"https:\\\/\\\/kaukazwypozyczalnia.pl\\\/\"},{\"@type\":\"ListItem\",\"position\":2,\"name\":\"Regulamin\"}]},{\"@type\":\"WebSite\",\"@id\":\"https:\\\/\\\/kaukazwypozyczalnia.pl\\\/#website\",\"url\":\"https:\\\/\\\/kaukazwypozyczalnia.pl\\\/\",\"name\":\"Kaukaz Wypo\u017cyczalnia Sprz\u0119tu G\u00f3rskiego i Turystycznego\",\"description\":\"Wypo\u017cyczalnia Sprz\u0119tu G\u00f3rskiego i Turystycznego w Krakowie\",\"publisher\":{\"@id\":\"https:\\\/\\\/kaukazwypozyczalnia.pl\\\/#organization\"},\"potentialAction\":[{\"@type\":\"SearchAction\",\"target\":{\"@type\":\"EntryPoint\",\"urlTemplate\":\"https:\\\/\\\/kaukazwypozyczalnia.pl\\\/?s={search_term_string}\"},\"query-input\":{\"@type\":\"PropertyValueSpecification\",\"valueRequired\":true,\"valueName\":\"search_term_string\"}}],\"inLanguage\":\"en-GB\"},{\"@type\":\"Organization\",\"@id\":\"https:\\\/\\\/kaukazwypozyczalnia.pl\\\/#organization\",\"name\":\"Kaukaz Wypo\u017cyczalnia Sprz\u0119tu G\u00f3rskiego i Turystycznego\",\"url\":\"https:\\\/\\\/kaukazwypozyczalnia.pl\\\/\",\"logo\":{\"@type\":\"ImageObject\",\"inLanguage\":\"en-GB\",\"@id\":\"https:\\\/\\\/kaukazwypozyczalnia.pl\\\/#\\\/schema\\\/logo\\\/image\\\/\",\"url\":\"https:\\\/\\\/kaukazwypozyczalnia.pl\\\/wp-content\\\/uploads\\\/2021\\\/07\\\/kaukaz-logo-2-margin-1024.png\",\"contentUrl\":\"https:\\\/\\\/kaukazwypozyczalnia.pl\\\/wp-content\\\/uploads\\\/2021\\\/07\\\/kaukaz-logo-2-margin-1024.png\",\"width\":1024,\"height\":1024,\"caption\":\"Kaukaz Wypo\u017cyczalnia Sprz\u0119tu G\u00f3rskiego i Turystycznego\"},\"image\":{\"@id\":\"https:\\\/\\\/kaukazwypozyczalnia.pl\\\/#\\\/schema\\\/logo\\\/image\\\/\"}}]}<\/script>\n<!-- \/ Yoast SEO plugin. -->","yoast_head_json":{"title":"Regulamin - Kaukaz Wypo\u017cyczalnia Sprz\u0119tu G\u00f3rskiego i Turystycznego","description":"Regulamin Wypo\u017cyczalni Sprz\u0119tu G\u00f3rskiego i Turystycznego Kaukaz","robots":{"index":"index","follow":"follow","max-snippet":"max-snippet:-1","max-image-preview":"max-image-preview:large","max-video-preview":"max-video-preview:-1"},"canonical":"https:\/\/kaukazwypozyczalnia.pl\/en\/regulamin\/","og_locale":"en_GB","og_type":"article","og_title":"Regulamin - Kaukaz Wypo\u017cyczalnia Sprz\u0119tu G\u00f3rskiego i Turystycznego","og_description":"Regulamin Wypo\u017cyczalni Sprz\u0119tu G\u00f3rskiego i Turystycznego Kaukaz","og_url":"https:\/\/kaukazwypozyczalnia.pl\/en\/regulamin\/","og_site_name":"Kaukaz Wypo\u017cyczalnia Sprz\u0119tu G\u00f3rskiego i Turystycznego","article_modified_time":"2023-04-07T15:07:04+00:00","og_image":[{"width":100,"height":104,"url":"https:\/\/kaukazwypozyczalnia.pl\/wp-content\/uploads\/2021\/07\/logo_przezroczyste.png","type":"image\/png"}],"twitter_card":"summary_large_image","twitter_misc":{"Estimated reading time":"2 minutes"},"schema":{"@context":"https:\/\/schema.org","@graph":[{"@type":"WebPage","@id":"https:\/\/kaukazwypozyczalnia.pl\/regulamin\/","url":"https:\/\/kaukazwypozyczalnia.pl\/regulamin\/","name":"Regulamin - Kaukaz Wypo\u017cyczalnia Sprz\u0119tu G\u00f3rskiego i Turystycznego","isPartOf":{"@id":"https:\/\/kaukazwypozyczalnia.pl\/#website"},"primaryImageOfPage":{"@id":"https:\/\/kaukazwypozyczalnia.pl\/regulamin\/#primaryimage"},"image":{"@id":"https:\/\/kaukazwypozyczalnia.pl\/regulamin\/#primaryimage"},"thumbnailUrl":"https:\/\/kaukazwypozyczalnia.pl\/wp-content\/uploads\/2021\/07\/logo_przezroczyste.png","datePublished":"2021-07-01T16:12:17+00:00","dateModified":"2023-04-07T15:07:04+00:00","description":"Regulamin Wypo\u017cyczalni Sprz\u0119tu G\u00f3rskiego i Turystycznego Kaukaz","breadcrumb":{"@id":"https:\/\/kaukazwypozyczalnia.pl\/regulamin\/#breadcrumb"},"inLanguage":"en-GB","potentialAction":[{"@type":"ReadAction","target":["https:\/\/kaukazwypozyczalnia.pl\/regulamin\/"]}]},{"@type":"ImageObject","inLanguage":"en-GB","@id":"https:\/\/kaukazwypozyczalnia.pl\/regulamin\/#primaryimage","url":"https:\/\/kaukazwypozyczalnia.pl\/wp-content\/uploads\/2021\/07\/logo_przezroczyste.png","contentUrl":"https:\/\/kaukazwypozyczalnia.pl\/wp-content\/uploads\/2021\/07\/logo_przezroczyste.png","width":100,"height":104,"caption":"kaukaz-logo-transparent"},{"@type":"BreadcrumbList","@id":"https:\/\/kaukazwypozyczalnia.pl\/regulamin\/#breadcrumb","itemListElement":[{"@type":"ListItem","position":1,"name":"Strona g\u0142\u00f3wna","item":"https:\/\/kaukazwypozyczalnia.pl\/"},{"@type":"ListItem","position":2,"name":"Regulamin"}]},{"@type":"WebSite","@id":"https:\/\/kaukazwypozyczalnia.pl\/#website","url":"https:\/\/kaukazwypozyczalnia.pl\/","name":"Kaukaz Mountain and Tourist Equipment Rental","description":"Mountain and Tourist Equipment Rental in Krakow","publisher":{"@id":"https:\/\/kaukazwypozyczalnia.pl\/#organization"},"potentialAction":[{"@type":"SearchAction","target":{"@type":"EntryPoint","urlTemplate":"https:\/\/kaukazwypozyczalnia.pl\/?s={search_term_string}"},"query-input":{"@type":"PropertyValueSpecification","valueRequired":true,"valueName":"search_term_string"}}],"inLanguage":"en-GB"},{"@type":"Organization","@id":"https:\/\/kaukazwypozyczalnia.pl\/#organization","name":"Kaukaz Mountain and Tourist Equipment Rental","url":"https:\/\/kaukazwypozyczalnia.pl\/","logo":{"@type":"ImageObject","inLanguage":"en-GB","@id":"https:\/\/kaukazwypozyczalnia.pl\/#\/schema\/logo\/image\/","url":"https:\/\/kaukazwypozyczalnia.pl\/wp-content\/uploads\/2021\/07\/kaukaz-logo-2-margin-1024.png","contentUrl":"https:\/\/kaukazwypozyczalnia.pl\/wp-content\/uploads\/2021\/07\/kaukaz-logo-2-margin-1024.png","width":1024,"height":1024,"caption":"Kaukaz Wypo\u017cyczalnia Sprz\u0119tu G\u00f3rskiego i Turystycznego"},"image":{"@id":"https:\/\/kaukazwypozyczalnia.pl\/#\/schema\/logo\/image\/"}}]}},"_links":{"self":[{"href":"https:\/\/kaukazwypozyczalnia.pl\/en\/wp-json\/wp\/v2\/pages\/10","targetHints":{"allow":["GET"]}}],"collection":[{"href":"https:\/\/kaukazwypozyczalnia.pl\/en\/wp-json\/wp\/v2\/pages"}],"about":[{"href":"https:\/\/kaukazwypozyczalnia.pl\/en\/wp-json\/wp\/v2\/types\/page"}],"author":[{"embeddable":true,"href":"https:\/\/kaukazwypozyczalnia.pl\/en\/wp-json\/wp\/v2\/users\/1"}],"replies":[{"embeddable":true,"href":"https:\/\/kaukazwypozyczalnia.pl\/en\/wp-json\/wp\/v2\/comments?post=10"}],"version-history":[{"count":25,"href":"https:\/\/kaukazwypozyczalnia.pl\/en\/wp-json\/wp\/v2\/pages\/10\/revisions"}],"predecessor-version":[{"id":305,"href":"https:\/\/kaukazwypozyczalnia.pl\/en\/wp-json\/wp\/v2\/pages\/10\/revisions\/305"}],"wp:featuredmedia":[{"embeddable":true,"href":"https:\/\/kaukazwypozyczalnia.pl\/en\/wp-json\/wp\/v2\/media\/159"}],"wp:attachment":[{"href":"https:\/\/kaukazwypozyczalnia.pl\/en\/wp-json\/wp\/v2\/media?parent=10"}],"curies":[{"name":"wp","href":"https:\/\/api.w.org\/{rel}","templated":true}]}}