{"id":3,"date":"2021-07-01T15:58:01","date_gmt":"2021-07-01T13:58:01","guid":{"rendered":"https:\/\/kaukazwypozyczalnia.pl\/?page_id=3"},"modified":"2021-07-19T17:53:05","modified_gmt":"2021-07-19T15:53:05","slug":"polityka-prywatnosci","status":"publish","type":"page","link":"https:\/\/kaukazwypozyczalnia.pl\/en\/polityka-prywatnosci\/","title":{"rendered":"Polityka Prywatno\u015bci"},"content":{"rendered":"<h3 class=\"wp-block-heading\">Administrator danych<\/h3>\n\n\n\n<p>Administratorem strony kaukazwypozyczalnia.pl i zbieranych na nim danych osobowych jest firma Grzegorz Paw\u0142owski Software Engineering, NIP 6762572850.<\/p>\n\n\n\n<p>Dane s\u0105 przechowywane na serwerach firmy <a href=\"https:\/\/www.kru.pl\/\">kru.pl<\/a> zapewniaj\u0105cej us\u0142ugi hostingowe.<\/p>\n\n\n\n<h3 class=\"wp-block-heading\">Ciasteczka<\/h3>\n\n\n\n<p>Strona korzysta z ciasteczek (plik\u00f3w cookies) przechowywanych na urz\u0105dzeniu u\u017cytkownika strony kaukazwypozyczalnia.p w celu analizowania danych statystycznych, jak np. liczba odwiedzi\u0107 strony, d\u0142ugo\u015b\u0107 trwania sesji czy informacja, sk\u0105d u\u017cytkownik trafi\u0142 na stron\u0119.<\/p>\n\n\n\n<p>Ciasteczka s\u0105 wykorzystywane przez us\u0142ug\u0119 Google Analytics, Google Search Console.<\/p>\n\n\n\n<p>U\u017cytkownik mo\u017ce usun\u0105\u0107 ciasteczka i zablokowa\u0107 korzystanie z nich oraz \u015bledzenie &#8211; tak\u0105 funkcjonalno\u015b\u0107 oferuje wi\u0119kszo\u015b\u0107 przegl\u0105darek.<\/p>\n\n\n\n<h3 class=\"wp-block-heading\">Dane<\/h3>\n\n\n\n<p>Nast\u0119puj\u0105ce dane s\u0105 zbierane w celach statystycznych i funkcjonowania strony:<\/p>\n\n\n\n<ol class=\"wp-block-list\"><li>Typ i system operacyjny urz\u0105dzenia<\/li><li>Przybli\u017cona lokalizacja<\/li><li>Adres IP<\/li><li>Rodzaj przegl\u0105darki i u\u017cywany j\u0119zyk<\/li><li>Rozdzielczo\u015b\u0107 ekranu<\/li><\/ol>\n\n\n\n<h3 class=\"wp-block-heading\">Udost\u0119pnianie danych<\/h3>\n\n\n\n<p>Dane udost\u0119pniane s\u0105 do us\u0142ugi Google Analytics oraz Google Search Console. Wyj\u0105tek stanowi sytuacje, w kt\u00f3rej obowi\u0105zuj\u0105ce prawo nakazywa\u0142oby udost\u0119pni\u0107 dane uprawnionym do tego organom &#8211; je\u015bli taka sytuacja nast\u0105pi, administrator mo\u017ce udost\u0119pni\u0107 dane.<\/p>\n\n\n\n<h3 class=\"wp-block-heading\">Aktualizacja Polityki Prywatno\u015bci<\/h3>\n\n\n\n<p>Polityka Prywatno\u015bci mo\u017ce ulec zmianie. Aktualna wersja b\u0119dzie dost\u0119pna na <a href=\"http:\/\/kaukazwypozyczalnia.p\/polityka-prywatnosci\">kaukazwypozyczalnia.p\/polityka-prywatnosci<\/a>.<\/p>\n\n\n\n<h3 class=\"wp-block-heading\">Contact<\/h3>\n\n\n\n<p>Mo\u017cna skontaktowa\u0107 si\u0119 ze mn\u0105 pod adresem <a href=\"mailto:kontakt@kaukazwypozyczalnia.pl\">kontakt@kaukazwypozyczalnia.pl<\/a><\/p>","protected":false},"excerpt":{"rendered":"<p>Administrator danych Administratorem strony kaukazwypozyczalnia.pl i zbieranych na nim danych osobowych jest firma Grzegorz Paw\u0142owski Software Engineering, NIP 6762572850. Dane s\u0105 przechowywane na serwerach firmy kru.pl zapewniaj\u0105cej us\u0142ugi hostingowe. Ciasteczka Strona korzysta z ciasteczek (plik\u00f3w cookies) przechowywanych na urz\u0105dzeniu u\u017cytkownika strony kaukazwypozyczalnia.p w celu analizowania danych statystycznych, jak np. liczba odwiedzi\u0107 strony, d\u0142ugo\u015b\u0107 trwania sesji&hellip;&nbsp;<a href=\"https:\/\/kaukazwypozyczalnia.pl\/en\/polityka-prywatnosci\/\" rel=\"bookmark\">Read More &raquo;<span class=\"screen-reader-text\">Polityka Prywatno\u015bci<\/span><\/a><\/p>","protected":false},"author":1,"featured_media":0,"parent":0,"menu_order":0,"comment_status":"closed","ping_status":"closed","template":"","meta":{"neve_meta_sidebar":"","neve_meta_container":"","neve_meta_enable_content_width":"","neve_meta_content_width":0,"neve_meta_title_alignment":"","neve_meta_author_avatar":"","neve_post_elements_order":"","neve_meta_disable_header":"","neve_meta_disable_footer":"","neve_meta_disable_title":"","footnotes":""},"class_list":["post-3","page","type-page","status-publish","hentry"],"yoast_head":"<!-- This site is optimized with the Yoast SEO plugin v27.5 - https:\/\/yoast.com\/product\/yoast-seo-wordpress\/ -->\n<title>Polityka Prywatno\u015bci - Kaukaz Wypo\u017cyczalnia Sprz\u0119tu G\u00f3rskiego i Turystycznego<\/title>\n<meta name=\"robots\" content=\"index, follow, max-snippet:-1, max-image-preview:large, max-video-preview:-1\" \/>\n<link rel=\"canonical\" href=\"https:\/\/kaukazwypozyczalnia.pl\/en\/polityka-prywatnosci\/\" \/>\n<meta property=\"og:locale\" content=\"en_GB\" \/>\n<meta property=\"og:type\" content=\"article\" \/>\n<meta property=\"og:title\" content=\"Polityka Prywatno\u015bci - Kaukaz Wypo\u017cyczalnia Sprz\u0119tu G\u00f3rskiego i Turystycznego\" \/>\n<meta property=\"og:description\" content=\"Administrator danych Administratorem strony kaukazwypozyczalnia.pl i zbieranych na nim danych osobowych jest firma Grzegorz Paw\u0142owski Software Engineering, NIP 6762572850. Dane s\u0105 przechowywane na serwerach firmy kru.pl zapewniaj\u0105cej us\u0142ugi hostingowe. Ciasteczka Strona korzysta z ciasteczek (plik\u00f3w cookies) przechowywanych na urz\u0105dzeniu u\u017cytkownika strony kaukazwypozyczalnia.p w celu analizowania danych statystycznych, jak np. liczba odwiedzi\u0107 strony, d\u0142ugo\u015b\u0107 trwania sesji&hellip;&nbsp;Read More &raquo;Polityka Prywatno\u015bci\" \/>\n<meta property=\"og:url\" content=\"https:\/\/kaukazwypozyczalnia.pl\/en\/polityka-prywatnosci\/\" \/>\n<meta property=\"og:site_name\" content=\"Kaukaz Wypo\u017cyczalnia Sprz\u0119tu G\u00f3rskiego i Turystycznego\" \/>\n<meta property=\"article:modified_time\" content=\"2021-07-19T15:53:05+00:00\" \/>\n<meta name=\"twitter:card\" content=\"summary_large_image\" \/>\n<meta name=\"twitter:label1\" content=\"Estimated reading time\" \/>\n\t<meta name=\"twitter:data1\" content=\"1 minute\" \/>\n<script type=\"application\/ld+json\" class=\"yoast-schema-graph\">{\"@context\":\"https:\\\/\\\/schema.org\",\"@graph\":[{\"@type\":\"WebPage\",\"@id\":\"https:\\\/\\\/kaukazwypozyczalnia.pl\\\/polityka-prywatnosci\\\/\",\"url\":\"https:\\\/\\\/kaukazwypozyczalnia.pl\\\/polityka-prywatnosci\\\/\",\"name\":\"Polityka Prywatno\u015bci - Kaukaz Wypo\u017cyczalnia Sprz\u0119tu G\u00f3rskiego i Turystycznego\",\"isPartOf\":{\"@id\":\"https:\\\/\\\/kaukazwypozyczalnia.pl\\\/#website\"},\"datePublished\":\"2021-07-01T13:58:01+00:00\",\"dateModified\":\"2021-07-19T15:53:05+00:00\",\"breadcrumb\":{\"@id\":\"https:\\\/\\\/kaukazwypozyczalnia.pl\\\/polityka-prywatnosci\\\/#breadcrumb\"},\"inLanguage\":\"en-GB\",\"potentialAction\":[{\"@type\":\"ReadAction\",\"target\":[\"https:\\\/\\\/kaukazwypozyczalnia.pl\\\/polityka-prywatnosci\\\/\"]}]},{\"@type\":\"BreadcrumbList\",\"@id\":\"https:\\\/\\\/kaukazwypozyczalnia.pl\\\/polityka-prywatnosci\\\/#breadcrumb\",\"itemListElement\":[{\"@type\":\"ListItem\",\"position\":1,\"name\":\"Strona g\u0142\u00f3wna\",\"item\":\"https:\\\/\\\/kaukazwypozyczalnia.pl\\\/\"},{\"@type\":\"ListItem\",\"position\":2,\"name\":\"Polityka Prywatno\u015bci\"}]},{\"@type\":\"WebSite\",\"@id\":\"https:\\\/\\\/kaukazwypozyczalnia.pl\\\/#website\",\"url\":\"https:\\\/\\\/kaukazwypozyczalnia.pl\\\/\",\"name\":\"Kaukaz Wypo\u017cyczalnia Sprz\u0119tu G\u00f3rskiego i Turystycznego\",\"description\":\"Wypo\u017cyczalnia Sprz\u0119tu G\u00f3rskiego i Turystycznego w Krakowie\",\"publisher\":{\"@id\":\"https:\\\/\\\/kaukazwypozyczalnia.pl\\\/#organization\"},\"potentialAction\":[{\"@type\":\"SearchAction\",\"target\":{\"@type\":\"EntryPoint\",\"urlTemplate\":\"https:\\\/\\\/kaukazwypozyczalnia.pl\\\/?s={search_term_string}\"},\"query-input\":{\"@type\":\"PropertyValueSpecification\",\"valueRequired\":true,\"valueName\":\"search_term_string\"}}],\"inLanguage\":\"en-GB\"},{\"@type\":\"Organization\",\"@id\":\"https:\\\/\\\/kaukazwypozyczalnia.pl\\\/#organization\",\"name\":\"Kaukaz Wypo\u017cyczalnia Sprz\u0119tu G\u00f3rskiego i Turystycznego\",\"url\":\"https:\\\/\\\/kaukazwypozyczalnia.pl\\\/\",\"logo\":{\"@type\":\"ImageObject\",\"inLanguage\":\"en-GB\",\"@id\":\"https:\\\/\\\/kaukazwypozyczalnia.pl\\\/#\\\/schema\\\/logo\\\/image\\\/\",\"url\":\"https:\\\/\\\/kaukazwypozyczalnia.pl\\\/wp-content\\\/uploads\\\/2021\\\/07\\\/kaukaz-logo-2-margin-1024.png\",\"contentUrl\":\"https:\\\/\\\/kaukazwypozyczalnia.pl\\\/wp-content\\\/uploads\\\/2021\\\/07\\\/kaukaz-logo-2-margin-1024.png\",\"width\":1024,\"height\":1024,\"caption\":\"Kaukaz Wypo\u017cyczalnia Sprz\u0119tu G\u00f3rskiego i Turystycznego\"},\"image\":{\"@id\":\"https:\\\/\\\/kaukazwypozyczalnia.pl\\\/#\\\/schema\\\/logo\\\/image\\\/\"}}]}<\/script>\n<!-- \/ Yoast SEO plugin. -->","yoast_head_json":{"title":"Polityka Prywatno\u015bci - Kaukaz Wypo\u017cyczalnia Sprz\u0119tu G\u00f3rskiego i Turystycznego","robots":{"index":"index","follow":"follow","max-snippet":"max-snippet:-1","max-image-preview":"max-image-preview:large","max-video-preview":"max-video-preview:-1"},"canonical":"https:\/\/kaukazwypozyczalnia.pl\/en\/polityka-prywatnosci\/","og_locale":"en_GB","og_type":"article","og_title":"Polityka Prywatno\u015bci - Kaukaz Wypo\u017cyczalnia Sprz\u0119tu G\u00f3rskiego i Turystycznego","og_description":"Administrator danych Administratorem strony kaukazwypozyczalnia.pl i zbieranych na nim danych osobowych jest firma Grzegorz Paw\u0142owski Software Engineering, NIP 6762572850. Dane s\u0105 przechowywane na serwerach firmy kru.pl zapewniaj\u0105cej us\u0142ugi hostingowe. Ciasteczka Strona korzysta z ciasteczek (plik\u00f3w cookies) przechowywanych na urz\u0105dzeniu u\u017cytkownika strony kaukazwypozyczalnia.p w celu analizowania danych statystycznych, jak np. liczba odwiedzi\u0107 strony, d\u0142ugo\u015b\u0107 trwania sesji&hellip;&nbsp;Read More &raquo;Polityka Prywatno\u015bci","og_url":"https:\/\/kaukazwypozyczalnia.pl\/en\/polityka-prywatnosci\/","og_site_name":"Kaukaz Wypo\u017cyczalnia Sprz\u0119tu G\u00f3rskiego i Turystycznego","article_modified_time":"2021-07-19T15:53:05+00:00","twitter_card":"summary_large_image","twitter_misc":{"Estimated reading time":"1 minute"},"schema":{"@context":"https:\/\/schema.org","@graph":[{"@type":"WebPage","@id":"https:\/\/kaukazwypozyczalnia.pl\/polityka-prywatnosci\/","url":"https:\/\/kaukazwypozyczalnia.pl\/polityka-prywatnosci\/","name":"Polityka Prywatno\u015bci - Kaukaz Wypo\u017cyczalnia Sprz\u0119tu G\u00f3rskiego i Turystycznego","isPartOf":{"@id":"https:\/\/kaukazwypozyczalnia.pl\/#website"},"datePublished":"2021-07-01T13:58:01+00:00","dateModified":"2021-07-19T15:53:05+00:00","breadcrumb":{"@id":"https:\/\/kaukazwypozyczalnia.pl\/polityka-prywatnosci\/#breadcrumb"},"inLanguage":"en-GB","potentialAction":[{"@type":"ReadAction","target":["https:\/\/kaukazwypozyczalnia.pl\/polityka-prywatnosci\/"]}]},{"@type":"BreadcrumbList","@id":"https:\/\/kaukazwypozyczalnia.pl\/polityka-prywatnosci\/#breadcrumb","itemListElement":[{"@type":"ListItem","position":1,"name":"Strona g\u0142\u00f3wna","item":"https:\/\/kaukazwypozyczalnia.pl\/"},{"@type":"ListItem","position":2,"name":"Polityka Prywatno\u015bci"}]},{"@type":"WebSite","@id":"https:\/\/kaukazwypozyczalnia.pl\/#website","url":"https:\/\/kaukazwypozyczalnia.pl\/","name":"Kaukaz Mountain and Tourist Equipment Rental","description":"Mountain and Tourist Equipment Rental in Krakow","publisher":{"@id":"https:\/\/kaukazwypozyczalnia.pl\/#organization"},"potentialAction":[{"@type":"SearchAction","target":{"@type":"EntryPoint","urlTemplate":"https:\/\/kaukazwypozyczalnia.pl\/?s={search_term_string}"},"query-input":{"@type":"PropertyValueSpecification","valueRequired":true,"valueName":"search_term_string"}}],"inLanguage":"en-GB"},{"@type":"Organization","@id":"https:\/\/kaukazwypozyczalnia.pl\/#organization","name":"Kaukaz Mountain and Tourist Equipment Rental","url":"https:\/\/kaukazwypozyczalnia.pl\/","logo":{"@type":"ImageObject","inLanguage":"en-GB","@id":"https:\/\/kaukazwypozyczalnia.pl\/#\/schema\/logo\/image\/","url":"https:\/\/kaukazwypozyczalnia.pl\/wp-content\/uploads\/2021\/07\/kaukaz-logo-2-margin-1024.png","contentUrl":"https:\/\/kaukazwypozyczalnia.pl\/wp-content\/uploads\/2021\/07\/kaukaz-logo-2-margin-1024.png","width":1024,"height":1024,"caption":"Kaukaz Wypo\u017cyczalnia Sprz\u0119tu G\u00f3rskiego i Turystycznego"},"image":{"@id":"https:\/\/kaukazwypozyczalnia.pl\/#\/schema\/logo\/image\/"}}]}},"_links":{"self":[{"href":"https:\/\/kaukazwypozyczalnia.pl\/en\/wp-json\/wp\/v2\/pages\/3","targetHints":{"allow":["GET"]}}],"collection":[{"href":"https:\/\/kaukazwypozyczalnia.pl\/en\/wp-json\/wp\/v2\/pages"}],"about":[{"href":"https:\/\/kaukazwypozyczalnia.pl\/en\/wp-json\/wp\/v2\/types\/page"}],"author":[{"embeddable":true,"href":"https:\/\/kaukazwypozyczalnia.pl\/en\/wp-json\/wp\/v2\/users\/1"}],"replies":[{"embeddable":true,"href":"https:\/\/kaukazwypozyczalnia.pl\/en\/wp-json\/wp\/v2\/comments?post=3"}],"version-history":[{"count":2,"href":"https:\/\/kaukazwypozyczalnia.pl\/en\/wp-json\/wp\/v2\/pages\/3\/revisions"}],"predecessor-version":[{"id":203,"href":"https:\/\/kaukazwypozyczalnia.pl\/en\/wp-json\/wp\/v2\/pages\/3\/revisions\/203"}],"wp:attachment":[{"href":"https:\/\/kaukazwypozyczalnia.pl\/en\/wp-json\/wp\/v2\/media?parent=3"}],"curies":[{"name":"wp","href":"https:\/\/api.w.org\/{rel}","templated":true}]}}