{"id":311,"date":"2024-01-26T18:00:20","date_gmt":"2024-01-26T16:00:20","guid":{"rendered":"https:\/\/kaukazwypozyczalnia.pl\/?page_id=311"},"modified":"2024-01-26T18:00:23","modified_gmt":"2024-01-26T16:00:23","slug":"do-pobrania","status":"publish","type":"page","link":"https:\/\/kaukazwypozyczalnia.pl\/en\/do-pobrania\/","title":{"rendered":"Downloads"},"content":{"rendered":"<h2 class=\"wp-block-heading\">Instrukcje Obs\u0142ugi Sprz\u0119tu<\/h2>\n\n\n\n<div class=\"wp-block-file\"><a id=\"wp-block-file--media-eee60bf1-d0df-43df-8522-838729820e36\" href=\"https:\/\/kaukazwypozyczalnia.pl\/wp-content\/uploads\/2024\/01\/instrukcja_ZOOM.pdf\">Detektor Lawinowy Ortovox Zoom+ Instrukcja<\/a><a href=\"https:\/\/kaukazwypozyczalnia.pl\/wp-content\/uploads\/2024\/01\/instrukcja_ZOOM.pdf\" class=\"wp-block-file__button wp-element-button\" download aria-describedby=\"wp-block-file--media-eee60bf1-d0df-43df-8522-838729820e36\">Pobierz<\/a><\/div>\n\n\n\n<div class=\"wp-block-file\"><a id=\"wp-block-file--media-61ded4e6-5c80-4c5e-bbdf-62315216efa5\" href=\"https:\/\/kaukazwypozyczalnia.pl\/wp-content\/uploads\/2024\/01\/Orotvox-Zoom-User-Manual-EN.pdf\">Orotvox Zoom+ User Manual EN<\/a><a href=\"https:\/\/kaukazwypozyczalnia.pl\/wp-content\/uploads\/2024\/01\/Orotvox-Zoom-User-Manual-EN.pdf\" class=\"wp-block-file__button wp-element-button\" download aria-describedby=\"wp-block-file--media-61ded4e6-5c80-4c5e-bbdf-62315216efa5\">Pobierz<\/a><\/div>\n\n\n\n<div class=\"wp-block-file\"><a id=\"wp-block-file--media-735f321f-1c00-4e13-9c1d-510ead1f9f2c\" href=\"https:\/\/kaukazwypozyczalnia.pl\/wp-content\/uploads\/2024\/01\/Instrukcja-Arva-Neo-Pro-EN.pdf\">Instrukcja Arva Neo Pro EN<\/a><a href=\"https:\/\/kaukazwypozyczalnia.pl\/wp-content\/uploads\/2024\/01\/Instrukcja-Arva-Neo-Pro-EN.pdf\" class=\"wp-block-file__button wp-element-button\" download aria-describedby=\"wp-block-file--media-735f321f-1c00-4e13-9c1d-510ead1f9f2c\">Pobierz<\/a><\/div>","protected":false},"excerpt":{"rendered":"<p>Instrukcje Obs\u0142ugi Sprz\u0119tu<\/p>","protected":false},"author":1,"featured_media":0,"parent":0,"menu_order":0,"comment_status":"closed","ping_status":"closed","template":"","meta":{"neve_meta_sidebar":"","neve_meta_container":"","neve_meta_enable_content_width":"","neve_meta_content_width":0,"neve_meta_title_alignment":"","neve_meta_author_avatar":"","neve_post_elements_order":"","neve_meta_disable_header":"","neve_meta_disable_footer":"","neve_meta_disable_title":"","footnotes":""},"class_list":["post-311","page","type-page","status-publish","hentry"],"yoast_head":"<!-- This site is optimized with the Yoast SEO plugin v27.4 - https:\/\/yoast.com\/product\/yoast-seo-wordpress\/ -->\n<title>Do Pobrania - Kaukaz Wypo\u017cyczalnia Sprz\u0119tu G\u00f3rskiego i Turystycznego<\/title>\n<meta name=\"robots\" content=\"index, follow, max-snippet:-1, max-image-preview:large, max-video-preview:-1\" \/>\n<link rel=\"canonical\" href=\"https:\/\/kaukazwypozyczalnia.pl\/en\/do-pobrania\/\" \/>\n<meta property=\"og:locale\" content=\"en_GB\" \/>\n<meta property=\"og:type\" content=\"article\" \/>\n<meta property=\"og:title\" content=\"Do Pobrania - Kaukaz Wypo\u017cyczalnia Sprz\u0119tu G\u00f3rskiego i Turystycznego\" \/>\n<meta property=\"og:description\" content=\"Instrukcje Obs\u0142ugi Sprz\u0119tu\" \/>\n<meta property=\"og:url\" content=\"https:\/\/kaukazwypozyczalnia.pl\/en\/do-pobrania\/\" \/>\n<meta property=\"og:site_name\" content=\"Kaukaz Wypo\u017cyczalnia Sprz\u0119tu G\u00f3rskiego i Turystycznego\" \/>\n<meta property=\"article:modified_time\" content=\"2024-01-26T16:00:23+00:00\" \/>\n<meta name=\"twitter:card\" content=\"summary_large_image\" \/>\n<script type=\"application\/ld+json\" class=\"yoast-schema-graph\">{\"@context\":\"https:\\\/\\\/schema.org\",\"@graph\":[{\"@type\":\"WebPage\",\"@id\":\"https:\\\/\\\/kaukazwypozyczalnia.pl\\\/do-pobrania\\\/\",\"url\":\"https:\\\/\\\/kaukazwypozyczalnia.pl\\\/do-pobrania\\\/\",\"name\":\"Do Pobrania - Kaukaz Wypo\u017cyczalnia Sprz\u0119tu G\u00f3rskiego i Turystycznego\",\"isPartOf\":{\"@id\":\"https:\\\/\\\/kaukazwypozyczalnia.pl\\\/#website\"},\"datePublished\":\"2024-01-26T16:00:20+00:00\",\"dateModified\":\"2024-01-26T16:00:23+00:00\",\"breadcrumb\":{\"@id\":\"https:\\\/\\\/kaukazwypozyczalnia.pl\\\/do-pobrania\\\/#breadcrumb\"},\"inLanguage\":\"en-GB\",\"potentialAction\":[{\"@type\":\"ReadAction\",\"target\":[\"https:\\\/\\\/kaukazwypozyczalnia.pl\\\/do-pobrania\\\/\"]}]},{\"@type\":\"BreadcrumbList\",\"@id\":\"https:\\\/\\\/kaukazwypozyczalnia.pl\\\/do-pobrania\\\/#breadcrumb\",\"itemListElement\":[{\"@type\":\"ListItem\",\"position\":1,\"name\":\"Strona g\u0142\u00f3wna\",\"item\":\"https:\\\/\\\/kaukazwypozyczalnia.pl\\\/\"},{\"@type\":\"ListItem\",\"position\":2,\"name\":\"Do Pobrania\"}]},{\"@type\":\"WebSite\",\"@id\":\"https:\\\/\\\/kaukazwypozyczalnia.pl\\\/#website\",\"url\":\"https:\\\/\\\/kaukazwypozyczalnia.pl\\\/\",\"name\":\"Kaukaz Wypo\u017cyczalnia Sprz\u0119tu G\u00f3rskiego i Turystycznego\",\"description\":\"Wypo\u017cyczalnia Sprz\u0119tu G\u00f3rskiego i Turystycznego w Krakowie\",\"publisher\":{\"@id\":\"https:\\\/\\\/kaukazwypozyczalnia.pl\\\/#organization\"},\"potentialAction\":[{\"@type\":\"SearchAction\",\"target\":{\"@type\":\"EntryPoint\",\"urlTemplate\":\"https:\\\/\\\/kaukazwypozyczalnia.pl\\\/?s={search_term_string}\"},\"query-input\":{\"@type\":\"PropertyValueSpecification\",\"valueRequired\":true,\"valueName\":\"search_term_string\"}}],\"inLanguage\":\"en-GB\"},{\"@type\":\"Organization\",\"@id\":\"https:\\\/\\\/kaukazwypozyczalnia.pl\\\/#organization\",\"name\":\"Kaukaz Wypo\u017cyczalnia Sprz\u0119tu G\u00f3rskiego i Turystycznego\",\"url\":\"https:\\\/\\\/kaukazwypozyczalnia.pl\\\/\",\"logo\":{\"@type\":\"ImageObject\",\"inLanguage\":\"en-GB\",\"@id\":\"https:\\\/\\\/kaukazwypozyczalnia.pl\\\/#\\\/schema\\\/logo\\\/image\\\/\",\"url\":\"https:\\\/\\\/kaukazwypozyczalnia.pl\\\/wp-content\\\/uploads\\\/2021\\\/07\\\/kaukaz-logo-2-margin-1024.png\",\"contentUrl\":\"https:\\\/\\\/kaukazwypozyczalnia.pl\\\/wp-content\\\/uploads\\\/2021\\\/07\\\/kaukaz-logo-2-margin-1024.png\",\"width\":1024,\"height\":1024,\"caption\":\"Kaukaz Wypo\u017cyczalnia Sprz\u0119tu G\u00f3rskiego i Turystycznego\"},\"image\":{\"@id\":\"https:\\\/\\\/kaukazwypozyczalnia.pl\\\/#\\\/schema\\\/logo\\\/image\\\/\"}}]}<\/script>\n<!-- \/ Yoast SEO plugin. -->","yoast_head_json":{"title":"Do Pobrania - Kaukaz Wypo\u017cyczalnia Sprz\u0119tu G\u00f3rskiego i Turystycznego","robots":{"index":"index","follow":"follow","max-snippet":"max-snippet:-1","max-image-preview":"max-image-preview:large","max-video-preview":"max-video-preview:-1"},"canonical":"https:\/\/kaukazwypozyczalnia.pl\/en\/do-pobrania\/","og_locale":"en_GB","og_type":"article","og_title":"Do Pobrania - Kaukaz Wypo\u017cyczalnia Sprz\u0119tu G\u00f3rskiego i Turystycznego","og_description":"Instrukcje Obs\u0142ugi Sprz\u0119tu","og_url":"https:\/\/kaukazwypozyczalnia.pl\/en\/do-pobrania\/","og_site_name":"Kaukaz Wypo\u017cyczalnia Sprz\u0119tu G\u00f3rskiego i Turystycznego","article_modified_time":"2024-01-26T16:00:23+00:00","twitter_card":"summary_large_image","schema":{"@context":"https:\/\/schema.org","@graph":[{"@type":"WebPage","@id":"https:\/\/kaukazwypozyczalnia.pl\/do-pobrania\/","url":"https:\/\/kaukazwypozyczalnia.pl\/do-pobrania\/","name":"Do Pobrania - Kaukaz Wypo\u017cyczalnia Sprz\u0119tu G\u00f3rskiego i Turystycznego","isPartOf":{"@id":"https:\/\/kaukazwypozyczalnia.pl\/#website"},"datePublished":"2024-01-26T16:00:20+00:00","dateModified":"2024-01-26T16:00:23+00:00","breadcrumb":{"@id":"https:\/\/kaukazwypozyczalnia.pl\/do-pobrania\/#breadcrumb"},"inLanguage":"en-GB","potentialAction":[{"@type":"ReadAction","target":["https:\/\/kaukazwypozyczalnia.pl\/do-pobrania\/"]}]},{"@type":"BreadcrumbList","@id":"https:\/\/kaukazwypozyczalnia.pl\/do-pobrania\/#breadcrumb","itemListElement":[{"@type":"ListItem","position":1,"name":"Strona g\u0142\u00f3wna","item":"https:\/\/kaukazwypozyczalnia.pl\/"},{"@type":"ListItem","position":2,"name":"Do Pobrania"}]},{"@type":"WebSite","@id":"https:\/\/kaukazwypozyczalnia.pl\/#website","url":"https:\/\/kaukazwypozyczalnia.pl\/","name":"Kaukaz Mountain and Tourist Equipment Rental","description":"Mountain and Tourist Equipment Rental in Krakow","publisher":{"@id":"https:\/\/kaukazwypozyczalnia.pl\/#organization"},"potentialAction":[{"@type":"SearchAction","target":{"@type":"EntryPoint","urlTemplate":"https:\/\/kaukazwypozyczalnia.pl\/?s={search_term_string}"},"query-input":{"@type":"PropertyValueSpecification","valueRequired":true,"valueName":"search_term_string"}}],"inLanguage":"en-GB"},{"@type":"Organization","@id":"https:\/\/kaukazwypozyczalnia.pl\/#organization","name":"Kaukaz Mountain and Tourist Equipment Rental","url":"https:\/\/kaukazwypozyczalnia.pl\/","logo":{"@type":"ImageObject","inLanguage":"en-GB","@id":"https:\/\/kaukazwypozyczalnia.pl\/#\/schema\/logo\/image\/","url":"https:\/\/kaukazwypozyczalnia.pl\/wp-content\/uploads\/2021\/07\/kaukaz-logo-2-margin-1024.png","contentUrl":"https:\/\/kaukazwypozyczalnia.pl\/wp-content\/uploads\/2021\/07\/kaukaz-logo-2-margin-1024.png","width":1024,"height":1024,"caption":"Kaukaz Wypo\u017cyczalnia Sprz\u0119tu G\u00f3rskiego i Turystycznego"},"image":{"@id":"https:\/\/kaukazwypozyczalnia.pl\/#\/schema\/logo\/image\/"}}]}},"_links":{"self":[{"href":"https:\/\/kaukazwypozyczalnia.pl\/en\/wp-json\/wp\/v2\/pages\/311","targetHints":{"allow":["GET"]}}],"collection":[{"href":"https:\/\/kaukazwypozyczalnia.pl\/en\/wp-json\/wp\/v2\/pages"}],"about":[{"href":"https:\/\/kaukazwypozyczalnia.pl\/en\/wp-json\/wp\/v2\/types\/page"}],"author":[{"embeddable":true,"href":"https:\/\/kaukazwypozyczalnia.pl\/en\/wp-json\/wp\/v2\/users\/1"}],"replies":[{"embeddable":true,"href":"https:\/\/kaukazwypozyczalnia.pl\/en\/wp-json\/wp\/v2\/comments?post=311"}],"version-history":[{"count":1,"href":"https:\/\/kaukazwypozyczalnia.pl\/en\/wp-json\/wp\/v2\/pages\/311\/revisions"}],"predecessor-version":[{"id":316,"href":"https:\/\/kaukazwypozyczalnia.pl\/en\/wp-json\/wp\/v2\/pages\/311\/revisions\/316"}],"wp:attachment":[{"href":"https:\/\/kaukazwypozyczalnia.pl\/en\/wp-json\/wp\/v2\/media?parent=311"}],"curies":[{"name":"wp","href":"https:\/\/api.w.org\/{rel}","templated":true}]}}