{"id":344,"date":"2025-12-11T20:31:37","date_gmt":"2025-12-11T18:31:37","guid":{"rendered":"https:\/\/kaukazwypozyczalnia.pl\/?page_id=344"},"modified":"2025-12-11T23:44:16","modified_gmt":"2025-12-11T21:44:16","slug":"asg","status":"publish","type":"page","link":"https:\/\/kaukazwypozyczalnia.pl\/en\/asg\/","title":{"rendered":"Wypo\u017cyczalnia ASG"},"content":{"rendered":"<div class=\"wp-block-cover\"><img loading=\"lazy\" decoding=\"async\" width=\"1536\" height=\"1024\" class=\"wp-block-cover__image-background wp-image-346 size-full\" alt=\"\" src=\"https:\/\/kaukazwypozyczalnia.pl\/wp-content\/uploads\/2025\/12\/ChatGPT_Kaukaz_ASG_Okladka-1.jpg\" style=\"object-position:47% 16%\" data-object-fit=\"cover\" data-object-position=\"47% 16%\" srcset=\"https:\/\/kaukazwypozyczalnia.pl\/wp-content\/uploads\/2025\/12\/ChatGPT_Kaukaz_ASG_Okladka-1.jpg 1536w, https:\/\/kaukazwypozyczalnia.pl\/wp-content\/uploads\/2025\/12\/ChatGPT_Kaukaz_ASG_Okladka-1-300x200.jpg 300w, https:\/\/kaukazwypozyczalnia.pl\/wp-content\/uploads\/2025\/12\/ChatGPT_Kaukaz_ASG_Okladka-1-1024x683.jpg 1024w, https:\/\/kaukazwypozyczalnia.pl\/wp-content\/uploads\/2025\/12\/ChatGPT_Kaukaz_ASG_Okladka-1-768x512.jpg 768w, https:\/\/kaukazwypozyczalnia.pl\/wp-content\/uploads\/2025\/12\/ChatGPT_Kaukaz_ASG_Okladka-1-18x12.jpg 18w, https:\/\/kaukazwypozyczalnia.pl\/wp-content\/uploads\/2025\/12\/ChatGPT_Kaukaz_ASG_Okladka-1-930x620.jpg 930w\" sizes=\"auto, (max-width: 1536px) 100vw, 1536px\" \/><span aria-hidden=\"true\" class=\"wp-block-cover__background has-background-dim\" style=\"background-color:#34311d\"><\/span><div class=\"wp-block-cover__inner-container is-layout-constrained wp-block-cover-is-layout-constrained\">\n<p class=\"has-text-align-center has-large-font-size\">Wypo\u017cyczalnia ASG<\/p>\n\n\n\n<p class=\"has-text-align-center\">Szukasz okazji, \u017ceby spr\u00f3bowa\u0107 ASG bez du\u017cych inwestycji? W naszej wypo\u017cyczalni znajdziesz sprawdzone repliki, przygotowane do bezproblemowej zabawy w lesie, na strzelnicy lub podczas weekendowej gry ze znajomymi. Sprz\u0119t dobieramy tak, aby by\u0142 prosty w obs\u0142udze i &#8211; od nas dostajesz zestaw gotowy do strzelania w bardzo atrakcyjnej cenie! Ch\u0119tnie doradzimy, co najlepiej sprawdzi si\u0119 dla pocz\u0105tkuj\u0105cych graczy. Po prostu odbierz, wypr\u00f3buj i zdecyduj, czy ASG to co\u015b dla Ciebie.<\/p>\n<\/div><\/div>\n\n\n\n<h2 class=\"wp-block-heading has-text-align-center\">Price List<\/h2>\n\n\n\n<h3 class=\"wp-block-heading\">Kompletny Zestaw &#8211; Karabin<\/h3>\n\n\n\n<div class=\"wp-block-media-text is-stacked-on-mobile\"><figure class=\"wp-block-media-text__media\"><img loading=\"lazy\" decoding=\"async\" width=\"1024\" height=\"1024\" src=\"https:\/\/kaukazwypozyczalnia.pl\/wp-content\/uploads\/2025\/12\/AR_15_ASG.jpg\" alt=\"\" class=\"wp-image-347 size-full\" srcset=\"https:\/\/kaukazwypozyczalnia.pl\/wp-content\/uploads\/2025\/12\/AR_15_ASG.jpg 1024w, https:\/\/kaukazwypozyczalnia.pl\/wp-content\/uploads\/2025\/12\/AR_15_ASG-300x300.jpg 300w, https:\/\/kaukazwypozyczalnia.pl\/wp-content\/uploads\/2025\/12\/AR_15_ASG-150x150.jpg 150w, https:\/\/kaukazwypozyczalnia.pl\/wp-content\/uploads\/2025\/12\/AR_15_ASG-768x768.jpg 768w, https:\/\/kaukazwypozyczalnia.pl\/wp-content\/uploads\/2025\/12\/AR_15_ASG-12x12.jpg 12w\" sizes=\"auto, (max-width: 1024px) 100vw, 1024px\" \/><\/figure><div class=\"wp-block-media-text__content\">\n<p>W sk\u0142ad zestawu wchodz\u0105:<\/p>\n\n\n\n<ul class=\"wp-block-list\">\n<li>Replika AR-15, AK-47 lub podobne<\/li>\n\n\n\n<li>Na\u0142adowany magazynek<\/li>\n\n\n\n<li>Na\u0142adowany akumulator<\/li>\n\n\n\n<li>~500 kulek ekstra<\/li>\n\n\n\n<li>Okulary ochronne<\/li>\n<\/ul>\n\n\n\n<figure class=\"wp-block-table\"><table class=\"has-fixed-layout\"><thead><tr><th>Okres wypo\u017cyczenia<\/th><th>Price per day<\/th><\/tr><\/thead><tbody><tr><td>1-3 dni<\/td><td>70 z\u0142<\/td><\/tr><tr><td>3-7 dni<\/td><td>60 z\u0142<\/td><\/tr><tr><td>7 dni i wi\u0119cej<\/td><td>40 z\u0142<\/td><\/tr><\/tbody><\/table><\/figure>\n<\/div><\/div>\n\n\n\n<h3 class=\"wp-block-heading\">Kompletny Zestaw &#8211; Pistolet<\/h3>\n\n\n\n<div class=\"wp-block-media-text is-stacked-on-mobile\"><figure class=\"wp-block-media-text__media\"><img loading=\"lazy\" decoding=\"async\" width=\"1024\" height=\"1024\" src=\"https:\/\/kaukazwypozyczalnia.pl\/wp-content\/uploads\/2025\/12\/Glock_ASG.jpg\" alt=\"\" class=\"wp-image-348 size-full\" srcset=\"https:\/\/kaukazwypozyczalnia.pl\/wp-content\/uploads\/2025\/12\/Glock_ASG.jpg 1024w, https:\/\/kaukazwypozyczalnia.pl\/wp-content\/uploads\/2025\/12\/Glock_ASG-300x300.jpg 300w, https:\/\/kaukazwypozyczalnia.pl\/wp-content\/uploads\/2025\/12\/Glock_ASG-150x150.jpg 150w, https:\/\/kaukazwypozyczalnia.pl\/wp-content\/uploads\/2025\/12\/Glock_ASG-768x768.jpg 768w, https:\/\/kaukazwypozyczalnia.pl\/wp-content\/uploads\/2025\/12\/Glock_ASG-12x12.jpg 12w\" sizes=\"auto, (max-width: 1024px) 100vw, 1024px\" \/><\/figure><div class=\"wp-block-media-text__content\">\n<p>W sk\u0142ad zestawu wchodz\u0105:<\/p>\n\n\n\n<ul class=\"wp-block-list\">\n<li>Replika Pistoletu (Glock, CZ, Beretta lub podobne)<\/li>\n\n\n\n<li>Na\u0142adowany magazynek<\/li>\n\n\n\n<li>Na\u0142adowany akumulator<\/li>\n\n\n\n<li>~100 kulek ekstra<\/li>\n\n\n\n<li>Okulary ochronne<\/li>\n<\/ul>\n\n\n\n<figure class=\"wp-block-table\"><table class=\"has-fixed-layout\"><thead><tr><th>Okres wypo\u017cyczenia<\/th><th>Price per day<\/th><\/tr><\/thead><tbody><tr><td>1-3 dni<\/td><td>50 z\u0142<\/td><\/tr><tr><td>3-7 dni<\/td><td>40 z\u0142<\/td><\/tr><tr><td>7 dni i wi\u0119cej<\/td><td>30 z\u0142<\/td><\/tr><\/tbody><\/table><\/figure>\n<\/div><\/div>\n\n\n\n<h3 class=\"wp-block-heading\">Indywidualne elementy<\/h3>\n\n\n\n<figure class=\"wp-block-table\"><table class=\"has-fixed-layout\"><tbody><tr><td>Equipment<\/td><td>1-3 dni<\/td><td>3-7 dni<\/td><td>7 dni i wi\u0119cej<\/td><\/tr><tr><td>Replika Karabinu<\/td><td>50 z\u0142<\/td><td>45 z\u0142<\/td><td>40 z\u0142<\/td><\/tr><tr><td>Replika Pistoletu<\/td><td>40 z\u0142<\/td><td>35 z\u0142<\/td><td>30 z\u0142<\/td><\/tr><tr><td>Okulary ochronne<\/td><td>10 z\u0142<\/td><td>8 z\u0142<\/td><td>5 z\u0142<\/td><\/tr><\/tbody><\/table><\/figure>\n\n\n\n<h3 class=\"wp-block-heading\">Ceny kulek<\/h3>\n\n\n\n<figure class=\"wp-block-table\"><table class=\"has-fixed-layout\"><tbody><tr><td>Kulki do karabinu (0.20g)<\/td><td>10 z\u0142 \/ 1000 szt.<\/td><\/tr><tr><td>Kulki do pistoletu (0.12g)<\/td><td>7 z\u0142 \/ 1000 szt.<\/td><\/tr><\/tbody><\/table><\/figure>\n\n\n\n<p><em>Zdj\u0119cia pogl\u0105dowe, w rzeczywisto\u015bci dost\u0119pne s\u0105 r\u00f3\u017cne modele replik.<\/em><\/p>\n\n\n\n<h2 class=\"wp-block-heading has-text-align-center\">Delivery, pick-up and return<\/h2>\n\n\n\n<div class=\"wp-block-columns is-layout-flex wp-container-core-columns-is-layout-9d6595d7 wp-block-columns-is-layout-flex\">\n<div class=\"wp-block-column is-layout-flow wp-block-column-is-layout-flow\">\n<h3 class=\"wp-block-heading has-text-align-center\">Delivery<\/h3>\n\n\n\n<p class=\"has-text-align-center\">Delivery or return outside the standard places are priced individually.<\/p>\n<\/div>\n\n\n\n<div class=\"wp-block-column is-layout-flow wp-block-column-is-layout-flow\">\n<h3 class=\"wp-block-heading has-text-align-center\">Delivery<\/h3>\n\n\n\n<p class=\"has-text-align-center\">Return and delivery before\/after working hours - extra 30 PLN<\/p>\n<\/div>\n<\/div>\n\n\n\n<h2 class=\"wp-block-heading has-text-align-center\">Terms &amp; Conditions<\/h2>\n\n\n\n<p>Obowi\u0105zuje <a href=\"https:\/\/kaukazwypozyczalnia.pl\/en\/regulamin\/\" data-type=\"link\" data-id=\"https:\/\/kaukazwypozyczalnia.pl\/regulamin\/\">regulamin wypo\u017cyczalni<\/a> wraz z poni\u017cszymi zapisami dotycz\u0105cymi sprz\u0119tu ASG<\/p>\n\n\n\n<ol class=\"wp-block-list\">\n<li>oferowane s\u0105 wy\u0142\u0105cznie repliki ASG (urz\u0105dzenia pneumatyczne o energii poni\u017cej 17 J).<\/li>\n\n\n\n<li>Wypo\u017cyczenie jest mo\u017cliwe dla os\u00f3b pe\u0142noletnich.<\/li>\n\n\n\n<li>Przy odbiorze wymagany jest dokument to\u017csamo\u015bci.<\/li>\n\n\n\n<li>Wypo\u017cyczalnia mo\u017ce odm\u00f3wi\u0107 wynajmu bez podania przyczyny, np. w przypadku podejrzenia niebezpiecznego wykorzystania sprz\u0119tu.<\/li>\n\n\n\n<li>Klient w chwili odbioru sprz\u0119tu potwierdza jego sprawno\u015b\u0107 techniczn\u0105 i kompletno\u015b\u0107.<\/li>\n\n\n\n<li>Korzystanie z replik ASG wymaga zachowania zasad bezpiecze\u0144stwa, w tym stosowania okular\u00f3w ochronnych.<\/li>\n\n\n\n<li>Klient zobowi\u0105zuje si\u0119 do u\u017cytkowania sprz\u0119tu wy\u0142\u0105cznie w miejscach do tego przeznaczonych lub za zgod\u0105 w\u0142a\u015bciciela terenu.<\/li>\n\n\n\n<li>Klient przyjmuje do wiadomo\u015bci, \u017ce repliki ASG mog\u0105 powodowa\u0107 obra\u017cenia przy nieprawid\u0142owym u\u017cytkowaniu.<\/li>\n\n\n\n<li>Zabrania si\u0119:\n<ul class=\"wp-block-list\">\n<li>celowania do os\u00f3b postronnych, zwierz\u0105t, pojazd\u00f3w i budynk\u00f3w,<\/li>\n\n\n\n<li>korzystania z replik bez ochrony oczu,<\/li>\n\n\n\n<li>modyfikacji technicznych, rozkr\u0119cania i ingerencji w mechanizm repliki,<\/li>\n\n\n\n<li>u\u017cywania replik ASG w miejscach publicznych (zgodnie z przepisami prawa).<\/li>\n<\/ul>\n<\/li>\n\n\n\n<li>Obowi\u0105zuje kaucja w wysoko\u015bci 500 z\u0142<\/li>\n<\/ol>","protected":false},"excerpt":{"rendered":"<p>Cennik Kompletny Zestaw &#8211; Karabin Kompletny Zestaw &#8211; Pistolet Indywidualne elementy Sprz\u0119t 1-3 dni 3-7 dni 7 dni i wi\u0119cej Replika Karabinu 50 z\u0142 45 z\u0142 40 z\u0142 Replika Pistoletu 40 z\u0142 35 z\u0142 30 z\u0142 Okulary ochronne 10 z\u0142 8 z\u0142 5 z\u0142 Ceny kulek Kulki do karabinu (0.20g) 10 z\u0142 \/ 1000 szt.&hellip;&nbsp;<a href=\"https:\/\/kaukazwypozyczalnia.pl\/en\/asg\/\" rel=\"bookmark\">Read More &raquo;<span class=\"screen-reader-text\">Wypo\u017cyczalnia ASG<\/span><\/a><\/p>","protected":false},"author":1,"featured_media":159,"parent":0,"menu_order":0,"comment_status":"closed","ping_status":"closed","template":"","meta":{"neve_meta_sidebar":"","neve_meta_container":"","neve_meta_enable_content_width":"","neve_meta_content_width":0,"neve_meta_title_alignment":"","neve_meta_author_avatar":"","neve_post_elements_order":"","neve_meta_disable_header":"","neve_meta_disable_footer":"","neve_meta_disable_title":"","footnotes":""},"class_list":["post-344","page","type-page","status-publish","has-post-thumbnail","hentry"],"yoast_head":"<!-- This site is optimized with the Yoast SEO plugin v27.4 - https:\/\/yoast.com\/product\/yoast-seo-wordpress\/ -->\n<title>Wypo\u017cyczalnia ASG Krak\u00f3w<\/title>\n<meta name=\"description\" content=\"Wypo\u017cyczalnia ASG w Rz\u0105sce k. Krakowa. Szukasz okazji, \u017ceby spr\u00f3bowa\u0107 ASG bez du\u017cych inwestycji? W naszej wypo\u017cyczalni znajdziesz sprawdzone repliki, przygotowane do bezproblemowej zabawy w lesie, na strzelnicy lub podczas weekendowej gry ze znajomymi.\" \/>\n<meta name=\"robots\" content=\"index, follow, max-snippet:-1, max-image-preview:large, max-video-preview:-1\" \/>\n<link rel=\"canonical\" href=\"https:\/\/kaukazwypozyczalnia.pl\/en\/asg\/\" \/>\n<meta property=\"og:locale\" content=\"en_GB\" \/>\n<meta property=\"og:type\" content=\"article\" \/>\n<meta property=\"og:title\" content=\"Wypo\u017cyczalnia ASG Krak\u00f3w\" \/>\n<meta property=\"og:description\" content=\"Wypo\u017cyczalnia ASG w Rz\u0105sce k. Krakowa. Szukasz okazji, \u017ceby spr\u00f3bowa\u0107 ASG bez du\u017cych inwestycji? W naszej wypo\u017cyczalni znajdziesz sprawdzone repliki, przygotowane do bezproblemowej zabawy w lesie, na strzelnicy lub podczas weekendowej gry ze znajomymi.\" \/>\n<meta property=\"og:url\" content=\"https:\/\/kaukazwypozyczalnia.pl\/en\/asg\/\" \/>\n<meta property=\"og:site_name\" content=\"Kaukaz Wypo\u017cyczalnia Sprz\u0119tu G\u00f3rskiego i Turystycznego\" \/>\n<meta property=\"article:modified_time\" content=\"2025-12-11T21:44:16+00:00\" \/>\n<meta property=\"og:image\" content=\"https:\/\/kaukazwypozyczalnia.pl\/wp-content\/uploads\/2021\/07\/logo_przezroczyste.png\" \/>\n\t<meta property=\"og:image:width\" content=\"100\" \/>\n\t<meta property=\"og:image:height\" content=\"104\" \/>\n\t<meta property=\"og:image:type\" content=\"image\/png\" \/>\n<meta name=\"twitter:card\" content=\"summary_large_image\" \/>\n<meta name=\"twitter:label1\" content=\"Estimated reading time\" \/>\n\t<meta name=\"twitter:data1\" content=\"4 minutes\" \/>\n<script type=\"application\/ld+json\" class=\"yoast-schema-graph\">{\"@context\":\"https:\\\/\\\/schema.org\",\"@graph\":[{\"@type\":\"WebPage\",\"@id\":\"https:\\\/\\\/kaukazwypozyczalnia.pl\\\/asg\\\/\",\"url\":\"https:\\\/\\\/kaukazwypozyczalnia.pl\\\/asg\\\/\",\"name\":\"Wypo\u017cyczalnia ASG Krak\u00f3w\",\"isPartOf\":{\"@id\":\"https:\\\/\\\/kaukazwypozyczalnia.pl\\\/#website\"},\"primaryImageOfPage\":{\"@id\":\"https:\\\/\\\/kaukazwypozyczalnia.pl\\\/asg\\\/#primaryimage\"},\"image\":{\"@id\":\"https:\\\/\\\/kaukazwypozyczalnia.pl\\\/asg\\\/#primaryimage\"},\"thumbnailUrl\":\"https:\\\/\\\/kaukazwypozyczalnia.pl\\\/wp-content\\\/uploads\\\/2021\\\/07\\\/logo_przezroczyste.png\",\"datePublished\":\"2025-12-11T18:31:37+00:00\",\"dateModified\":\"2025-12-11T21:44:16+00:00\",\"description\":\"Wypo\u017cyczalnia ASG w Rz\u0105sce k. Krakowa. Szukasz okazji, \u017ceby spr\u00f3bowa\u0107 ASG bez du\u017cych inwestycji? W naszej wypo\u017cyczalni znajdziesz sprawdzone repliki, przygotowane do bezproblemowej zabawy w lesie, na strzelnicy lub podczas weekendowej gry ze znajomymi.\",\"breadcrumb\":{\"@id\":\"https:\\\/\\\/kaukazwypozyczalnia.pl\\\/asg\\\/#breadcrumb\"},\"inLanguage\":\"en-GB\",\"potentialAction\":[{\"@type\":\"ReadAction\",\"target\":[\"https:\\\/\\\/kaukazwypozyczalnia.pl\\\/asg\\\/\"]}]},{\"@type\":\"ImageObject\",\"inLanguage\":\"en-GB\",\"@id\":\"https:\\\/\\\/kaukazwypozyczalnia.pl\\\/asg\\\/#primaryimage\",\"url\":\"https:\\\/\\\/kaukazwypozyczalnia.pl\\\/wp-content\\\/uploads\\\/2021\\\/07\\\/logo_przezroczyste.png\",\"contentUrl\":\"https:\\\/\\\/kaukazwypozyczalnia.pl\\\/wp-content\\\/uploads\\\/2021\\\/07\\\/logo_przezroczyste.png\",\"width\":100,\"height\":104,\"caption\":\"kaukaz-logo-transparent\"},{\"@type\":\"BreadcrumbList\",\"@id\":\"https:\\\/\\\/kaukazwypozyczalnia.pl\\\/asg\\\/#breadcrumb\",\"itemListElement\":[{\"@type\":\"ListItem\",\"position\":1,\"name\":\"Strona g\u0142\u00f3wna\",\"item\":\"https:\\\/\\\/kaukazwypozyczalnia.pl\\\/\"},{\"@type\":\"ListItem\",\"position\":2,\"name\":\"Wypo\u017cyczalnia ASG\"}]},{\"@type\":\"WebSite\",\"@id\":\"https:\\\/\\\/kaukazwypozyczalnia.pl\\\/#website\",\"url\":\"https:\\\/\\\/kaukazwypozyczalnia.pl\\\/\",\"name\":\"Kaukaz Wypo\u017cyczalnia Sprz\u0119tu G\u00f3rskiego i Turystycznego\",\"description\":\"Wypo\u017cyczalnia Sprz\u0119tu G\u00f3rskiego i Turystycznego w Krakowie\",\"publisher\":{\"@id\":\"https:\\\/\\\/kaukazwypozyczalnia.pl\\\/#organization\"},\"potentialAction\":[{\"@type\":\"SearchAction\",\"target\":{\"@type\":\"EntryPoint\",\"urlTemplate\":\"https:\\\/\\\/kaukazwypozyczalnia.pl\\\/?s={search_term_string}\"},\"query-input\":{\"@type\":\"PropertyValueSpecification\",\"valueRequired\":true,\"valueName\":\"search_term_string\"}}],\"inLanguage\":\"en-GB\"},{\"@type\":\"Organization\",\"@id\":\"https:\\\/\\\/kaukazwypozyczalnia.pl\\\/#organization\",\"name\":\"Kaukaz Wypo\u017cyczalnia Sprz\u0119tu G\u00f3rskiego i Turystycznego\",\"url\":\"https:\\\/\\\/kaukazwypozyczalnia.pl\\\/\",\"logo\":{\"@type\":\"ImageObject\",\"inLanguage\":\"en-GB\",\"@id\":\"https:\\\/\\\/kaukazwypozyczalnia.pl\\\/#\\\/schema\\\/logo\\\/image\\\/\",\"url\":\"https:\\\/\\\/kaukazwypozyczalnia.pl\\\/wp-content\\\/uploads\\\/2021\\\/07\\\/kaukaz-logo-2-margin-1024.png\",\"contentUrl\":\"https:\\\/\\\/kaukazwypozyczalnia.pl\\\/wp-content\\\/uploads\\\/2021\\\/07\\\/kaukaz-logo-2-margin-1024.png\",\"width\":1024,\"height\":1024,\"caption\":\"Kaukaz Wypo\u017cyczalnia Sprz\u0119tu G\u00f3rskiego i Turystycznego\"},\"image\":{\"@id\":\"https:\\\/\\\/kaukazwypozyczalnia.pl\\\/#\\\/schema\\\/logo\\\/image\\\/\"}}]}<\/script>\n<!-- \/ Yoast SEO plugin. -->","yoast_head_json":{"title":"Wypo\u017cyczalnia ASG Krak\u00f3w","description":"Wypo\u017cyczalnia ASG w Rz\u0105sce k. Krakowa. Szukasz okazji, \u017ceby spr\u00f3bowa\u0107 ASG bez du\u017cych inwestycji? W naszej wypo\u017cyczalni znajdziesz sprawdzone repliki, przygotowane do bezproblemowej zabawy w lesie, na strzelnicy lub podczas weekendowej gry ze znajomymi.","robots":{"index":"index","follow":"follow","max-snippet":"max-snippet:-1","max-image-preview":"max-image-preview:large","max-video-preview":"max-video-preview:-1"},"canonical":"https:\/\/kaukazwypozyczalnia.pl\/en\/asg\/","og_locale":"en_GB","og_type":"article","og_title":"Wypo\u017cyczalnia ASG Krak\u00f3w","og_description":"Wypo\u017cyczalnia ASG w Rz\u0105sce k. Krakowa. Szukasz okazji, \u017ceby spr\u00f3bowa\u0107 ASG bez du\u017cych inwestycji? W naszej wypo\u017cyczalni znajdziesz sprawdzone repliki, przygotowane do bezproblemowej zabawy w lesie, na strzelnicy lub podczas weekendowej gry ze znajomymi.","og_url":"https:\/\/kaukazwypozyczalnia.pl\/en\/asg\/","og_site_name":"Kaukaz Wypo\u017cyczalnia Sprz\u0119tu G\u00f3rskiego i Turystycznego","article_modified_time":"2025-12-11T21:44:16+00:00","og_image":[{"width":100,"height":104,"url":"https:\/\/kaukazwypozyczalnia.pl\/wp-content\/uploads\/2021\/07\/logo_przezroczyste.png","type":"image\/png"}],"twitter_card":"summary_large_image","twitter_misc":{"Estimated reading time":"4 minutes"},"schema":{"@context":"https:\/\/schema.org","@graph":[{"@type":"WebPage","@id":"https:\/\/kaukazwypozyczalnia.pl\/asg\/","url":"https:\/\/kaukazwypozyczalnia.pl\/asg\/","name":"Wypo\u017cyczalnia ASG Krak\u00f3w","isPartOf":{"@id":"https:\/\/kaukazwypozyczalnia.pl\/#website"},"primaryImageOfPage":{"@id":"https:\/\/kaukazwypozyczalnia.pl\/asg\/#primaryimage"},"image":{"@id":"https:\/\/kaukazwypozyczalnia.pl\/asg\/#primaryimage"},"thumbnailUrl":"https:\/\/kaukazwypozyczalnia.pl\/wp-content\/uploads\/2021\/07\/logo_przezroczyste.png","datePublished":"2025-12-11T18:31:37+00:00","dateModified":"2025-12-11T21:44:16+00:00","description":"Wypo\u017cyczalnia ASG w Rz\u0105sce k. Krakowa. Szukasz okazji, \u017ceby spr\u00f3bowa\u0107 ASG bez du\u017cych inwestycji? W naszej wypo\u017cyczalni znajdziesz sprawdzone repliki, przygotowane do bezproblemowej zabawy w lesie, na strzelnicy lub podczas weekendowej gry ze znajomymi.","breadcrumb":{"@id":"https:\/\/kaukazwypozyczalnia.pl\/asg\/#breadcrumb"},"inLanguage":"en-GB","potentialAction":[{"@type":"ReadAction","target":["https:\/\/kaukazwypozyczalnia.pl\/asg\/"]}]},{"@type":"ImageObject","inLanguage":"en-GB","@id":"https:\/\/kaukazwypozyczalnia.pl\/asg\/#primaryimage","url":"https:\/\/kaukazwypozyczalnia.pl\/wp-content\/uploads\/2021\/07\/logo_przezroczyste.png","contentUrl":"https:\/\/kaukazwypozyczalnia.pl\/wp-content\/uploads\/2021\/07\/logo_przezroczyste.png","width":100,"height":104,"caption":"kaukaz-logo-transparent"},{"@type":"BreadcrumbList","@id":"https:\/\/kaukazwypozyczalnia.pl\/asg\/#breadcrumb","itemListElement":[{"@type":"ListItem","position":1,"name":"Strona g\u0142\u00f3wna","item":"https:\/\/kaukazwypozyczalnia.pl\/"},{"@type":"ListItem","position":2,"name":"Wypo\u017cyczalnia ASG"}]},{"@type":"WebSite","@id":"https:\/\/kaukazwypozyczalnia.pl\/#website","url":"https:\/\/kaukazwypozyczalnia.pl\/","name":"Kaukaz Mountain and Tourist Equipment Rental","description":"Mountain and Tourist Equipment Rental in Krakow","publisher":{"@id":"https:\/\/kaukazwypozyczalnia.pl\/#organization"},"potentialAction":[{"@type":"SearchAction","target":{"@type":"EntryPoint","urlTemplate":"https:\/\/kaukazwypozyczalnia.pl\/?s={search_term_string}"},"query-input":{"@type":"PropertyValueSpecification","valueRequired":true,"valueName":"search_term_string"}}],"inLanguage":"en-GB"},{"@type":"Organization","@id":"https:\/\/kaukazwypozyczalnia.pl\/#organization","name":"Kaukaz Mountain and Tourist Equipment Rental","url":"https:\/\/kaukazwypozyczalnia.pl\/","logo":{"@type":"ImageObject","inLanguage":"en-GB","@id":"https:\/\/kaukazwypozyczalnia.pl\/#\/schema\/logo\/image\/","url":"https:\/\/kaukazwypozyczalnia.pl\/wp-content\/uploads\/2021\/07\/kaukaz-logo-2-margin-1024.png","contentUrl":"https:\/\/kaukazwypozyczalnia.pl\/wp-content\/uploads\/2021\/07\/kaukaz-logo-2-margin-1024.png","width":1024,"height":1024,"caption":"Kaukaz Wypo\u017cyczalnia Sprz\u0119tu G\u00f3rskiego i Turystycznego"},"image":{"@id":"https:\/\/kaukazwypozyczalnia.pl\/#\/schema\/logo\/image\/"}}]}},"_links":{"self":[{"href":"https:\/\/kaukazwypozyczalnia.pl\/en\/wp-json\/wp\/v2\/pages\/344","targetHints":{"allow":["GET"]}}],"collection":[{"href":"https:\/\/kaukazwypozyczalnia.pl\/en\/wp-json\/wp\/v2\/pages"}],"about":[{"href":"https:\/\/kaukazwypozyczalnia.pl\/en\/wp-json\/wp\/v2\/types\/page"}],"author":[{"embeddable":true,"href":"https:\/\/kaukazwypozyczalnia.pl\/en\/wp-json\/wp\/v2\/users\/1"}],"replies":[{"embeddable":true,"href":"https:\/\/kaukazwypozyczalnia.pl\/en\/wp-json\/wp\/v2\/comments?post=344"}],"version-history":[{"count":3,"href":"https:\/\/kaukazwypozyczalnia.pl\/en\/wp-json\/wp\/v2\/pages\/344\/revisions"}],"predecessor-version":[{"id":352,"href":"https:\/\/kaukazwypozyczalnia.pl\/en\/wp-json\/wp\/v2\/pages\/344\/revisions\/352"}],"wp:featuredmedia":[{"embeddable":true,"href":"https:\/\/kaukazwypozyczalnia.pl\/en\/wp-json\/wp\/v2\/media\/159"}],"wp:attachment":[{"href":"https:\/\/kaukazwypozyczalnia.pl\/en\/wp-json\/wp\/v2\/media?parent=344"}],"curies":[{"name":"wp","href":"https:\/\/api.w.org\/{rel}","templated":true}]}}