{"id":7,"date":"2021-07-01T16:12:17","date_gmt":"2021-07-01T16:12:17","guid":{"rendered":"https:\/\/kaukazwypozyczalnia.pl\/?page_id=7"},"modified":"2021-10-11T19:23:40","modified_gmt":"2021-10-11T17:23:40","slug":"onas","status":"publish","type":"page","link":"https:\/\/kaukazwypozyczalnia.pl\/en\/onas\/","title":{"rendered":"About"},"content":{"rendered":"<p><\/p>\n\n\n\n<div style=\"height:66px\" aria-hidden=\"true\" class=\"wp-block-spacer\"><\/div>\n\n\n\n<h1 class=\"has-text-align-center wp-block-heading\">About<\/h1>\n\n\n\n<div style=\"height:66px\" aria-hidden=\"true\" class=\"wp-block-spacer\"><\/div>\n\n\n\n<div class=\"wp-block-cover alignfull has-nv-light-bg-background-color has-background-dim\" style=\"min-height:600px;aspect-ratio:unset;\"><div class=\"wp-block-cover__inner-container is-layout-flow wp-block-cover-is-layout-flow\">\n<div class=\"wp-block-group\"><div class=\"wp-block-group__inner-container is-layout-flow wp-block-group-is-layout-flow\">\n<div style=\"height:80px\" aria-hidden=\"true\" class=\"wp-block-spacer\"><\/div>\n\n\n\n<div class=\"wp-block-columns are-vertically-aligned-center is-layout-flex wp-container-core-columns-is-layout-9d6595d7 wp-block-columns-is-layout-flex\">\n<div class=\"wp-block-column is-vertically-aligned-center is-layout-flow wp-block-column-is-layout-flow\" style=\"flex-basis:50%\">\n<figure class=\"wp-block-image size-large is-resized\"><img loading=\"lazy\" decoding=\"async\" src=\"https:\/\/kaukazwypozyczalnia.pl\/wp-content\/uploads\/2021\/07\/IMG_4880-1024x768.jpg\" alt=\"kaukaz-about\" class=\"wp-image-93\" width=\"512\" height=\"384\" srcset=\"https:\/\/kaukazwypozyczalnia.pl\/wp-content\/uploads\/2021\/07\/IMG_4880-1024x768.jpg 1024w, https:\/\/kaukazwypozyczalnia.pl\/wp-content\/uploads\/2021\/07\/IMG_4880-300x225.jpg 300w, https:\/\/kaukazwypozyczalnia.pl\/wp-content\/uploads\/2021\/07\/IMG_4880-768x576.jpg 768w, https:\/\/kaukazwypozyczalnia.pl\/wp-content\/uploads\/2021\/07\/IMG_4880-1536x1152.jpg 1536w, https:\/\/kaukazwypozyczalnia.pl\/wp-content\/uploads\/2021\/07\/IMG_4880-2048x1536.jpg 2048w\" sizes=\"auto, (max-width: 512px) 100vw, 512px\" \/><\/figure>\n\n\n\n<p><\/p>\n<\/div>\n\n\n\n<div class=\"wp-block-column is-vertically-aligned-center is-layout-flow wp-block-column-is-layout-flow\" style=\"flex-basis:50%\">\n<h2 class=\"has-neve-text-color-color has-text-color wp-block-heading\">With passion for the mountains<\/h2>\n\n\n\n<p class=\"has-neve-text-color-color has-text-color\">My name is Grzegorz - I opened the Kaukaz rental as a small family business to combine my love for high mountains, entrepreneurship and honest, hard work. For several years, I have been looking forward to every winter to get my equipment out and face the mountains and the weather. Is it for you  the first time in the winter mountains and you are not sure what equipment you need, do you want to try it first, how is it there? I can help you!<\/p>\n<\/div>\n<\/div>\n\n\n\n<div style=\"height:40px\" aria-hidden=\"true\" class=\"wp-block-spacer\"><\/div>\n<\/div><\/div>\n<\/div><\/div>\n\n\n\n<div class=\"wp-block-cover alignfull has-nv-dark-bg-background-color has-background-dim\" style=\"min-height:600px;aspect-ratio:unset;\"><div class=\"wp-block-cover__inner-container is-layout-flow wp-block-cover-is-layout-flow\">\n<div class=\"wp-block-group\"><div class=\"wp-block-group__inner-container is-layout-flow wp-block-group-is-layout-flow\">\n<div style=\"height:80px\" aria-hidden=\"true\" class=\"wp-block-spacer\"><\/div>\n\n\n\n<div class=\"wp-block-columns are-vertically-aligned-center is-layout-flex wp-container-core-columns-is-layout-9d6595d7 wp-block-columns-is-layout-flex\">\n<div class=\"wp-block-column is-vertically-aligned-center is-layout-flow wp-block-column-is-layout-flow\" style=\"flex-basis:50%\">\n<h2 class=\"has-nv-text-dark-bg-color has-text-color wp-block-heading\">Why Kaukaz?<\/h2>\n\n\n\n<p class=\"has-nv-text-dark-bg-color has-text-color\">The Caucasus mountains charmed me with its amazing, still wild nature and amazing culture and lifestyle of Georgians. Not only did I get my first five-thousanders there - Kazbek, but I found a land that is an image of freedom and the beauty of creation.<br><br>I would like the rental to be at the highest level - like Kazbek, which towers over Georgia, and you, as a client, experienced help - as I experienced hospitality from Georgians.<\/p>\n\n\n\n<p><\/p>\n<\/div>\n\n\n\n<div class=\"wp-block-column is-vertically-aligned-center is-layout-flow wp-block-column-is-layout-flow\" style=\"flex-basis:50%\">\n<figure class=\"wp-block-image size-large\"><img decoding=\"async\" src=\"https:\/\/kaukazwypozyczalnia.pl\/wp-content\/uploads\/2021\/07\/kaukaz_1024_hc.jpg\" alt=\"\" class=\"wp-image-101\"\/><\/figure>\n<\/div>\n<\/div>\n<\/div><\/div>\n<\/div><\/div>\n\n\n\n<p><\/p>","protected":false},"excerpt":{"rendered":"<p>About<\/p>","protected":false},"author":1,"featured_media":93,"parent":0,"menu_order":0,"comment_status":"closed","ping_status":"closed","template":"","meta":{"neve_meta_sidebar":"","neve_meta_container":"","neve_meta_enable_content_width":"on","neve_meta_content_width":100,"neve_meta_title_alignment":"","neve_meta_author_avatar":"","neve_post_elements_order":"","neve_meta_disable_header":"","neve_meta_disable_footer":"","neve_meta_disable_title":"on","footnotes":""},"class_list":["post-7","page","type-page","status-publish","has-post-thumbnail","hentry"],"yoast_head":"<!-- This site is optimized with the Yoast SEO plugin v27.4 - https:\/\/yoast.com\/product\/yoast-seo-wordpress\/ -->\n<title>O nas - Kaukaz Wypo\u017cyczalnia Sprz\u0119tu G\u00f3rskiego i Turystycznego<\/title>\n<meta name=\"description\" content=\"Mam na imi\u0119 Grzegorz - otworzy\u0142em wypo\u017cyczalni\u0119 jako ma\u0142y rodzinny biznes, \u017ceby po\u0142\u0105czy\u0107 zami\u0142owanie do wysokich g\u00f3r oraz do przedsi\u0119biorczo\u015bci i uczciwej, ci\u0119\u017ckiej pracy.\" \/>\n<meta name=\"robots\" content=\"index, follow, max-snippet:-1, max-image-preview:large, max-video-preview:-1\" \/>\n<link rel=\"canonical\" href=\"https:\/\/kaukazwypozyczalnia.pl\/en\/onas\/\" \/>\n<meta property=\"og:locale\" content=\"en_GB\" \/>\n<meta property=\"og:type\" content=\"article\" \/>\n<meta property=\"og:title\" content=\"O nas - Kaukaz Wypo\u017cyczalnia Sprz\u0119tu G\u00f3rskiego i Turystycznego\" \/>\n<meta property=\"og:description\" content=\"Mam na imi\u0119 Grzegorz - otworzy\u0142em wypo\u017cyczalni\u0119 jako ma\u0142y rodzinny biznes, \u017ceby po\u0142\u0105czy\u0107 zami\u0142owanie do wysokich g\u00f3r oraz do przedsi\u0119biorczo\u015bci i uczciwej, ci\u0119\u017ckiej pracy.\" \/>\n<meta property=\"og:url\" content=\"https:\/\/kaukazwypozyczalnia.pl\/en\/onas\/\" \/>\n<meta property=\"og:site_name\" content=\"Kaukaz Wypo\u017cyczalnia Sprz\u0119tu G\u00f3rskiego i Turystycznego\" \/>\n<meta property=\"article:modified_time\" content=\"2021-10-11T17:23:40+00:00\" \/>\n<meta property=\"og:image\" content=\"https:\/\/kaukazwypozyczalnia.pl\/wp-content\/uploads\/2021\/07\/IMG_4880-scaled.jpg\" \/>\n\t<meta property=\"og:image:width\" content=\"2560\" \/>\n\t<meta property=\"og:image:height\" content=\"1920\" \/>\n\t<meta property=\"og:image:type\" content=\"image\/jpeg\" \/>\n<meta name=\"twitter:card\" content=\"summary_large_image\" \/>\n<meta name=\"twitter:label1\" content=\"Estimated reading time\" \/>\n\t<meta name=\"twitter:data1\" content=\"1 minute\" \/>\n<script type=\"application\/ld+json\" class=\"yoast-schema-graph\">{\"@context\":\"https:\\\/\\\/schema.org\",\"@graph\":[{\"@type\":\"WebPage\",\"@id\":\"https:\\\/\\\/kaukazwypozyczalnia.pl\\\/onas\\\/\",\"url\":\"https:\\\/\\\/kaukazwypozyczalnia.pl\\\/onas\\\/\",\"name\":\"O nas - Kaukaz Wypo\u017cyczalnia Sprz\u0119tu G\u00f3rskiego i Turystycznego\",\"isPartOf\":{\"@id\":\"https:\\\/\\\/kaukazwypozyczalnia.pl\\\/#website\"},\"primaryImageOfPage\":{\"@id\":\"https:\\\/\\\/kaukazwypozyczalnia.pl\\\/onas\\\/#primaryimage\"},\"image\":{\"@id\":\"https:\\\/\\\/kaukazwypozyczalnia.pl\\\/onas\\\/#primaryimage\"},\"thumbnailUrl\":\"https:\\\/\\\/kaukazwypozyczalnia.pl\\\/wp-content\\\/uploads\\\/2021\\\/07\\\/IMG_4880-scaled.jpg\",\"datePublished\":\"2021-07-01T16:12:17+00:00\",\"dateModified\":\"2021-10-11T17:23:40+00:00\",\"description\":\"Mam na imi\u0119 Grzegorz - otworzy\u0142em wypo\u017cyczalni\u0119 jako ma\u0142y rodzinny biznes, \u017ceby po\u0142\u0105czy\u0107 zami\u0142owanie do wysokich g\u00f3r oraz do przedsi\u0119biorczo\u015bci i uczciwej, ci\u0119\u017ckiej pracy.\",\"breadcrumb\":{\"@id\":\"https:\\\/\\\/kaukazwypozyczalnia.pl\\\/onas\\\/#breadcrumb\"},\"inLanguage\":\"en-GB\",\"potentialAction\":[{\"@type\":\"ReadAction\",\"target\":[\"https:\\\/\\\/kaukazwypozyczalnia.pl\\\/onas\\\/\"]}]},{\"@type\":\"ImageObject\",\"inLanguage\":\"en-GB\",\"@id\":\"https:\\\/\\\/kaukazwypozyczalnia.pl\\\/onas\\\/#primaryimage\",\"url\":\"https:\\\/\\\/kaukazwypozyczalnia.pl\\\/wp-content\\\/uploads\\\/2021\\\/07\\\/IMG_4880-scaled.jpg\",\"contentUrl\":\"https:\\\/\\\/kaukazwypozyczalnia.pl\\\/wp-content\\\/uploads\\\/2021\\\/07\\\/IMG_4880-scaled.jpg\",\"width\":2560,\"height\":1920,\"caption\":\"kaukaz-about\"},{\"@type\":\"BreadcrumbList\",\"@id\":\"https:\\\/\\\/kaukazwypozyczalnia.pl\\\/onas\\\/#breadcrumb\",\"itemListElement\":[{\"@type\":\"ListItem\",\"position\":1,\"name\":\"Strona g\u0142\u00f3wna\",\"item\":\"https:\\\/\\\/kaukazwypozyczalnia.pl\\\/\"},{\"@type\":\"ListItem\",\"position\":2,\"name\":\"O nas\"}]},{\"@type\":\"WebSite\",\"@id\":\"https:\\\/\\\/kaukazwypozyczalnia.pl\\\/#website\",\"url\":\"https:\\\/\\\/kaukazwypozyczalnia.pl\\\/\",\"name\":\"Kaukaz Wypo\u017cyczalnia Sprz\u0119tu G\u00f3rskiego i Turystycznego\",\"description\":\"Wypo\u017cyczalnia Sprz\u0119tu G\u00f3rskiego i Turystycznego w Krakowie\",\"publisher\":{\"@id\":\"https:\\\/\\\/kaukazwypozyczalnia.pl\\\/#organization\"},\"potentialAction\":[{\"@type\":\"SearchAction\",\"target\":{\"@type\":\"EntryPoint\",\"urlTemplate\":\"https:\\\/\\\/kaukazwypozyczalnia.pl\\\/?s={search_term_string}\"},\"query-input\":{\"@type\":\"PropertyValueSpecification\",\"valueRequired\":true,\"valueName\":\"search_term_string\"}}],\"inLanguage\":\"en-GB\"},{\"@type\":\"Organization\",\"@id\":\"https:\\\/\\\/kaukazwypozyczalnia.pl\\\/#organization\",\"name\":\"Kaukaz Wypo\u017cyczalnia Sprz\u0119tu G\u00f3rskiego i Turystycznego\",\"url\":\"https:\\\/\\\/kaukazwypozyczalnia.pl\\\/\",\"logo\":{\"@type\":\"ImageObject\",\"inLanguage\":\"en-GB\",\"@id\":\"https:\\\/\\\/kaukazwypozyczalnia.pl\\\/#\\\/schema\\\/logo\\\/image\\\/\",\"url\":\"https:\\\/\\\/kaukazwypozyczalnia.pl\\\/wp-content\\\/uploads\\\/2021\\\/07\\\/kaukaz-logo-2-margin-1024.png\",\"contentUrl\":\"https:\\\/\\\/kaukazwypozyczalnia.pl\\\/wp-content\\\/uploads\\\/2021\\\/07\\\/kaukaz-logo-2-margin-1024.png\",\"width\":1024,\"height\":1024,\"caption\":\"Kaukaz Wypo\u017cyczalnia Sprz\u0119tu G\u00f3rskiego i Turystycznego\"},\"image\":{\"@id\":\"https:\\\/\\\/kaukazwypozyczalnia.pl\\\/#\\\/schema\\\/logo\\\/image\\\/\"}}]}<\/script>\n<!-- \/ Yoast SEO plugin. -->","yoast_head_json":{"title":"O nas - Kaukaz Wypo\u017cyczalnia Sprz\u0119tu G\u00f3rskiego i Turystycznego","description":"Mam na imi\u0119 Grzegorz - otworzy\u0142em wypo\u017cyczalni\u0119 jako ma\u0142y rodzinny biznes, \u017ceby po\u0142\u0105czy\u0107 zami\u0142owanie do wysokich g\u00f3r oraz do przedsi\u0119biorczo\u015bci i uczciwej, ci\u0119\u017ckiej pracy.","robots":{"index":"index","follow":"follow","max-snippet":"max-snippet:-1","max-image-preview":"max-image-preview:large","max-video-preview":"max-video-preview:-1"},"canonical":"https:\/\/kaukazwypozyczalnia.pl\/en\/onas\/","og_locale":"en_GB","og_type":"article","og_title":"O nas - Kaukaz Wypo\u017cyczalnia Sprz\u0119tu G\u00f3rskiego i Turystycznego","og_description":"Mam na imi\u0119 Grzegorz - otworzy\u0142em wypo\u017cyczalni\u0119 jako ma\u0142y rodzinny biznes, \u017ceby po\u0142\u0105czy\u0107 zami\u0142owanie do wysokich g\u00f3r oraz do przedsi\u0119biorczo\u015bci i uczciwej, ci\u0119\u017ckiej pracy.","og_url":"https:\/\/kaukazwypozyczalnia.pl\/en\/onas\/","og_site_name":"Kaukaz Wypo\u017cyczalnia Sprz\u0119tu G\u00f3rskiego i Turystycznego","article_modified_time":"2021-10-11T17:23:40+00:00","og_image":[{"width":2560,"height":1920,"url":"https:\/\/kaukazwypozyczalnia.pl\/wp-content\/uploads\/2021\/07\/IMG_4880-scaled.jpg","type":"image\/jpeg"}],"twitter_card":"summary_large_image","twitter_misc":{"Estimated reading time":"1 minute"},"schema":{"@context":"https:\/\/schema.org","@graph":[{"@type":"WebPage","@id":"https:\/\/kaukazwypozyczalnia.pl\/onas\/","url":"https:\/\/kaukazwypozyczalnia.pl\/onas\/","name":"O nas - Kaukaz Wypo\u017cyczalnia Sprz\u0119tu G\u00f3rskiego i Turystycznego","isPartOf":{"@id":"https:\/\/kaukazwypozyczalnia.pl\/#website"},"primaryImageOfPage":{"@id":"https:\/\/kaukazwypozyczalnia.pl\/onas\/#primaryimage"},"image":{"@id":"https:\/\/kaukazwypozyczalnia.pl\/onas\/#primaryimage"},"thumbnailUrl":"https:\/\/kaukazwypozyczalnia.pl\/wp-content\/uploads\/2021\/07\/IMG_4880-scaled.jpg","datePublished":"2021-07-01T16:12:17+00:00","dateModified":"2021-10-11T17:23:40+00:00","description":"Mam na imi\u0119 Grzegorz - otworzy\u0142em wypo\u017cyczalni\u0119 jako ma\u0142y rodzinny biznes, \u017ceby po\u0142\u0105czy\u0107 zami\u0142owanie do wysokich g\u00f3r oraz do przedsi\u0119biorczo\u015bci i uczciwej, ci\u0119\u017ckiej pracy.","breadcrumb":{"@id":"https:\/\/kaukazwypozyczalnia.pl\/onas\/#breadcrumb"},"inLanguage":"en-GB","potentialAction":[{"@type":"ReadAction","target":["https:\/\/kaukazwypozyczalnia.pl\/onas\/"]}]},{"@type":"ImageObject","inLanguage":"en-GB","@id":"https:\/\/kaukazwypozyczalnia.pl\/onas\/#primaryimage","url":"https:\/\/kaukazwypozyczalnia.pl\/wp-content\/uploads\/2021\/07\/IMG_4880-scaled.jpg","contentUrl":"https:\/\/kaukazwypozyczalnia.pl\/wp-content\/uploads\/2021\/07\/IMG_4880-scaled.jpg","width":2560,"height":1920,"caption":"kaukaz-about"},{"@type":"BreadcrumbList","@id":"https:\/\/kaukazwypozyczalnia.pl\/onas\/#breadcrumb","itemListElement":[{"@type":"ListItem","position":1,"name":"Strona g\u0142\u00f3wna","item":"https:\/\/kaukazwypozyczalnia.pl\/"},{"@type":"ListItem","position":2,"name":"O nas"}]},{"@type":"WebSite","@id":"https:\/\/kaukazwypozyczalnia.pl\/#website","url":"https:\/\/kaukazwypozyczalnia.pl\/","name":"Kaukaz Mountain and Tourist Equipment Rental","description":"Mountain and Tourist Equipment Rental in Krakow","publisher":{"@id":"https:\/\/kaukazwypozyczalnia.pl\/#organization"},"potentialAction":[{"@type":"SearchAction","target":{"@type":"EntryPoint","urlTemplate":"https:\/\/kaukazwypozyczalnia.pl\/?s={search_term_string}"},"query-input":{"@type":"PropertyValueSpecification","valueRequired":true,"valueName":"search_term_string"}}],"inLanguage":"en-GB"},{"@type":"Organization","@id":"https:\/\/kaukazwypozyczalnia.pl\/#organization","name":"Kaukaz Mountain and Tourist Equipment Rental","url":"https:\/\/kaukazwypozyczalnia.pl\/","logo":{"@type":"ImageObject","inLanguage":"en-GB","@id":"https:\/\/kaukazwypozyczalnia.pl\/#\/schema\/logo\/image\/","url":"https:\/\/kaukazwypozyczalnia.pl\/wp-content\/uploads\/2021\/07\/kaukaz-logo-2-margin-1024.png","contentUrl":"https:\/\/kaukazwypozyczalnia.pl\/wp-content\/uploads\/2021\/07\/kaukaz-logo-2-margin-1024.png","width":1024,"height":1024,"caption":"Kaukaz Wypo\u017cyczalnia Sprz\u0119tu G\u00f3rskiego i Turystycznego"},"image":{"@id":"https:\/\/kaukazwypozyczalnia.pl\/#\/schema\/logo\/image\/"}}]}},"_links":{"self":[{"href":"https:\/\/kaukazwypozyczalnia.pl\/en\/wp-json\/wp\/v2\/pages\/7","targetHints":{"allow":["GET"]}}],"collection":[{"href":"https:\/\/kaukazwypozyczalnia.pl\/en\/wp-json\/wp\/v2\/pages"}],"about":[{"href":"https:\/\/kaukazwypozyczalnia.pl\/en\/wp-json\/wp\/v2\/types\/page"}],"author":[{"embeddable":true,"href":"https:\/\/kaukazwypozyczalnia.pl\/en\/wp-json\/wp\/v2\/users\/1"}],"replies":[{"embeddable":true,"href":"https:\/\/kaukazwypozyczalnia.pl\/en\/wp-json\/wp\/v2\/comments?post=7"}],"version-history":[{"count":11,"href":"https:\/\/kaukazwypozyczalnia.pl\/en\/wp-json\/wp\/v2\/pages\/7\/revisions"}],"predecessor-version":[{"id":242,"href":"https:\/\/kaukazwypozyczalnia.pl\/en\/wp-json\/wp\/v2\/pages\/7\/revisions\/242"}],"wp:featuredmedia":[{"embeddable":true,"href":"https:\/\/kaukazwypozyczalnia.pl\/en\/wp-json\/wp\/v2\/media\/93"}],"wp:attachment":[{"href":"https:\/\/kaukazwypozyczalnia.pl\/en\/wp-json\/wp\/v2\/media?parent=7"}],"curies":[{"name":"wp","href":"https:\/\/api.w.org\/{rel}","templated":true}]}}